{"id":29059,"date":"2025-08-01T18:10:15","date_gmt":"2025-08-01T18:10:15","guid":{"rendered":"https:\/\/covid19vaccine.local\/vaccine-locator\/"},"modified":"2026-04-03T15:55:54","modified_gmt":"2026-04-03T15:55:54","slug":"vaccine-locator","status":"publish","type":"page","link":"https:\/\/cveep.org\/es\/vaccine-locator\/","title":{"rendered":"Localizador de Vacunas"},"content":{"rendered":"\n<div class=\"block-underlay \">\n\t<div  class=\"hero-block hero-block--default\" >\n\t\t<div class=\"container\">\n\t\t\t<div class=\"hero-block__container\">\n\t\t\t\t\n\t\t\t\t\t\t\t\t\t<div class=\"hero-block__title\">\n\t\t\t\t\t\t<h1>Localizador de Vacunas<\/h1>\n\t\t\t\t\t<\/div>\n\t\t\t\t\n\n\t\t\t\t\t\t\t\t\t<div class=\"hero-block__description lede-text\">\n\t\t\t\t\t\tUsa esta herramienta para encontrar lugares cerca de tuyo que ofrezcan vacunas. Ingresa tu c\u00f3digo postal o ciudad para ver farmacias, centros de salud y departamentos de salud locales cercanos donde puedes obtener m\u00e1s informaci\u00f3n sobre la vacunaci\u00f3n y programar una cita.\t\t\t\t\t<\/div>\n\t\t\t\t\t\t\t<\/div>\n\t\t<\/div>\n\t<\/div>\n<\/div>\n\n\n    <div id=\"vaccine-locator\">\n        <div id=\"locator-form\">\n            <div id=\"locator-search-row\">\n                <div style=\"flex: 1;\">\n                    <label for=\"locator-input\">Ciudad o c\u00f3digo postal<\/label>\n                    <input type=\"text\" id=\"locator-input\" placeholder=\"e.g. New York o 12345\">\n                <\/div>\n                <div style=\"flex: 0 0 150px;\">\n                    <label for=\"locator-radius\">Radio<\/label>\n                    <select id=\"locator-radius\">\n                        <option value=\"1000\">1 milla<\/option>\n                        <option value=\"5000\">5 millas<\/option>\n                        <option value=\"10000\" selected>10 millas<\/option>\n                        <option value=\"25000\">25 millas<\/option>\n                        <option value=\"50000\">50 millas<\/option>\n                    <\/select>\n                <\/div>\n                <div style=\"flex: 0 0 auto; align-self: end;\">\n                     <button type=\"submit\" id=\"locator-search\">Buscar <\/button>\n                <\/div>\n            <\/div>\n\n            <div id=\"locator-filter-bar\">\n                <span class=\"locator-filter-label\">Filtrar por<\/span>\n                <label class=\"locator-filter-pill active\"><input type=\"checkbox\" value=\"pharmacies\" checked> Farmacias<\/label><label class=\"locator-filter-pill active\"><input type=\"checkbox\" value=\"hrsa-es\" checked> Centros de salud con certificaci\u00f3n federal<\/label><label class=\"locator-filter-pill active\"><input type=\"checkbox\" value=\"local-health-departments\" checked> Local Health Departments<\/label>            <\/div>\n\n            <div id=\"locator-columns\" style=\"display: flex; margin-top: 20px;\">\n                <div id=\"locator-list\" style=\"flex: 1; overflow-y: auto; max-height: 500px; padding-right: 20px;\"><\/div>\n                <div id=\"locator-map\" style=\"flex: 2; height: 500px; position: relative;\">\n                    <div id=\"locator-loading-overlay\">\n                        <div class=\"spinner\"><\/div>\n                    <\/div>\n                <\/div>\n            <\/div>\n        <\/div>\n            <\/div>\n    \n\n\n<p class=\"disclaimer\"><strong>Fuentes de datos y aviso legal<\/strong><br>Esta herramienta proporciona informaci\u00f3n sobre una variedad de lugares de vacunaci\u00f3n, incluidos centros de salud con certificaci\u00f3n federal (FQHC), farmacias independientes y comerciales y departamentos de salud locales al combinar datos de ubicaci\u00f3n de fuentes como la API de Google, la Administraci\u00f3n de recursos y servicios de salud (HRSA) y la Asociaci\u00f3n Nacional de Funcionarios de Salud de Ciudades y Condados (NACCHO). La precisi\u00f3n y actualidad de estos datos dependen totalmente de las actualizaciones proporcionadas por estas fuentes externas. CVEEP no garantiza la integridad, precisi\u00f3n ni la disponibilidad actual de las vacunas en los lugares indicados. Se recomienda que los usuarios se comuniquen directamente con los sitios antes de visitarlos para confirmar la disponibilidad de vacunas, horarios de atenci\u00f3n y requisitos de elegibilidad.<\/p>\n","protected":false},"excerpt":{"rendered":"<p>Fuentes de datos y aviso legalEsta herramienta proporciona informaci&oacute;n sobre una variedad de lugares de vacunaci&oacute;n, incluidos centros de salud con certificaci&oacute;n federal (FQHC), farmacias independientes y comerciales y departamentos de salud locales al combinar datos de ubicaci&oacute;n de fuentes como la API de Google, la Administraci&oacute;n de recursos y servicios de salud (HRSA) y [&hellip;]<\/p>\n","protected":false},"author":9,"featured_media":29445,"parent":0,"menu_order":0,"comment_status":"closed","ping_status":"closed","template":"","meta":{"_acf_changed":true,"inline_featured_image":false,"footnotes":""},"class_list":["post-29059","page","type-page","status-publish","has-post-thumbnail","hentry"],"acf":[],"yoast_head":"<!-- This site is optimized with the Yoast SEO plugin v27.2 - https:\/\/yoast.com\/product\/yoast-seo-wordpress\/ -->\n<title>Localizador de Vacunas - CVEEP<\/title>\n<meta name=\"robots\" content=\"index, follow, max-snippet:-1, max-image-preview:large, max-video-preview:-1\" \/>\n<link rel=\"canonical\" href=\"https:\/\/cveep.org\/es\/vaccine-locator\/\" \/>\n<meta property=\"og:locale\" content=\"es_ES\" \/>\n<meta property=\"og:type\" content=\"article\" \/>\n<meta property=\"og:title\" content=\"Localizador de Vacunas - CVEEP\" \/>\n<meta property=\"og:description\" content=\"Fuentes de datos y aviso legalEsta herramienta proporciona informaci&oacute;n sobre una variedad de lugares de vacunaci&oacute;n, incluidos centros de salud con certificaci&oacute;n federal (FQHC), farmacias independientes y comerciales y departamentos de salud locales al combinar datos de ubicaci&oacute;n de fuentes como la API de Google, la Administraci&oacute;n de recursos y servicios de salud (HRSA) y [&hellip;]\" \/>\n<meta property=\"og:url\" content=\"https:\/\/cveep.org\/es\/vaccine-locator\/\" \/>\n<meta property=\"og:site_name\" content=\"CVEEP\" \/>\n<meta property=\"article:modified_time\" content=\"2026-04-03T15:55:54+00:00\" \/>\n<meta property=\"og:image\" content=\"https:\/\/cveep.org\/wp-content\/uploads\/2025\/10\/CVEEP-Vaccine-Locator-_SP-Web-2.png\" \/>\n\t<meta property=\"og:image:width\" content=\"1494\" \/>\n\t<meta property=\"og:image:height\" content=\"1161\" \/>\n\t<meta property=\"og:image:type\" content=\"image\/png\" \/>\n<meta name=\"twitter:card\" content=\"summary_large_image\" \/>\n<meta name=\"twitter:label1\" content=\"Est. reading time\" \/>\n\t<meta name=\"twitter:data1\" content=\"1 minuto\" \/>\n<script type=\"application\/ld+json\" class=\"yoast-schema-graph\">{\"@context\":\"https:\/\/schema.org\",\"@graph\":[{\"@type\":\"WebPage\",\"@id\":\"https:\/\/cveep.org\/es\/vaccine-locator\/\",\"url\":\"https:\/\/cveep.org\/es\/vaccine-locator\/\",\"name\":\"Localizador de Vacunas - CVEEP\",\"isPartOf\":{\"@id\":\"https:\/\/cveep.org\/#website\"},\"primaryImageOfPage\":{\"@id\":\"https:\/\/cveep.org\/es\/vaccine-locator\/#primaryimage\"},\"image\":{\"@id\":\"https:\/\/cveep.org\/es\/vaccine-locator\/#primaryimage\"},\"thumbnailUrl\":\"https:\/\/cveep.org\/wp-content\/uploads\/2025\/10\/CVEEP-Vaccine-Locator-_SP-Web-2.png\",\"datePublished\":\"2025-08-01T18:10:15+00:00\",\"dateModified\":\"2026-04-03T15:55:54+00:00\",\"inLanguage\":\"es\",\"potentialAction\":[{\"@type\":\"ReadAction\",\"target\":[\"https:\/\/cveep.org\/es\/vaccine-locator\/\"]}]},{\"@type\":\"ImageObject\",\"inLanguage\":\"es\",\"@id\":\"https:\/\/cveep.org\/es\/vaccine-locator\/#primaryimage\",\"url\":\"https:\/\/cveep.org\/wp-content\/uploads\/2025\/10\/CVEEP-Vaccine-Locator-_SP-Web-2.png\",\"contentUrl\":\"https:\/\/cveep.org\/wp-content\/uploads\/2025\/10\/CVEEP-Vaccine-Locator-_SP-Web-2.png\",\"width\":1494,\"height\":1161},{\"@type\":\"WebSite\",\"@id\":\"https:\/\/cveep.org\/#website\",\"url\":\"https:\/\/cveep.org\/\",\"name\":\"CVEEP\",\"description\":\"\",\"potentialAction\":[{\"@type\":\"SearchAction\",\"target\":{\"@type\":\"EntryPoint\",\"urlTemplate\":\"https:\/\/cveep.org\/?s={search_term_string}\"},\"query-input\":{\"@type\":\"PropertyValueSpecification\",\"valueRequired\":true,\"valueName\":\"search_term_string\"}}],\"inLanguage\":\"es\"}]}<\/script>\n<!-- \/ Yoast SEO plugin. -->","yoast_head_json":{"title":"Localizador de Vacunas - CVEEP","robots":{"index":"index","follow":"follow","max-snippet":"max-snippet:-1","max-image-preview":"max-image-preview:large","max-video-preview":"max-video-preview:-1"},"canonical":"https:\/\/cveep.org\/es\/vaccine-locator\/","og_locale":"es_ES","og_type":"article","og_title":"Localizador de Vacunas - CVEEP","og_description":"Fuentes de datos y aviso legalEsta herramienta proporciona informaci&oacute;n sobre una variedad de lugares de vacunaci&oacute;n, incluidos centros de salud con certificaci&oacute;n federal (FQHC), farmacias independientes y comerciales y departamentos de salud locales al combinar datos de ubicaci&oacute;n de fuentes como la API de Google, la Administraci&oacute;n de recursos y servicios de salud (HRSA) y [&hellip;]","og_url":"https:\/\/cveep.org\/es\/vaccine-locator\/","og_site_name":"CVEEP","article_modified_time":"2026-04-03T15:55:54+00:00","og_image":[{"width":1494,"height":1161,"url":"https:\/\/cveep.org\/wp-content\/uploads\/2025\/10\/CVEEP-Vaccine-Locator-_SP-Web-2.png","type":"image\/png"}],"twitter_card":"summary_large_image","twitter_misc":{"Est. reading time":"1 minuto"},"schema":{"@context":"https:\/\/schema.org","@graph":[{"@type":"WebPage","@id":"https:\/\/cveep.org\/es\/vaccine-locator\/","url":"https:\/\/cveep.org\/es\/vaccine-locator\/","name":"Localizador de Vacunas - CVEEP","isPartOf":{"@id":"https:\/\/cveep.org\/#website"},"primaryImageOfPage":{"@id":"https:\/\/cveep.org\/es\/vaccine-locator\/#primaryimage"},"image":{"@id":"https:\/\/cveep.org\/es\/vaccine-locator\/#primaryimage"},"thumbnailUrl":"https:\/\/cveep.org\/wp-content\/uploads\/2025\/10\/CVEEP-Vaccine-Locator-_SP-Web-2.png","datePublished":"2025-08-01T18:10:15+00:00","dateModified":"2026-04-03T15:55:54+00:00","inLanguage":"es","potentialAction":[{"@type":"ReadAction","target":["https:\/\/cveep.org\/es\/vaccine-locator\/"]}]},{"@type":"ImageObject","inLanguage":"es","@id":"https:\/\/cveep.org\/es\/vaccine-locator\/#primaryimage","url":"https:\/\/cveep.org\/wp-content\/uploads\/2025\/10\/CVEEP-Vaccine-Locator-_SP-Web-2.png","contentUrl":"https:\/\/cveep.org\/wp-content\/uploads\/2025\/10\/CVEEP-Vaccine-Locator-_SP-Web-2.png","width":1494,"height":1161},{"@type":"WebSite","@id":"https:\/\/cveep.org\/#website","url":"https:\/\/cveep.org\/","name":"CVEEP","description":"","potentialAction":[{"@type":"SearchAction","target":{"@type":"EntryPoint","urlTemplate":"https:\/\/cveep.org\/?s={search_term_string}"},"query-input":{"@type":"PropertyValueSpecification","valueRequired":true,"valueName":"search_term_string"}}],"inLanguage":"es"}]}},"_links":{"self":[{"href":"https:\/\/cveep.org\/es\/wp-json\/wp\/v2\/pages\/29059","targetHints":{"allow":["GET"]}}],"collection":[{"href":"https:\/\/cveep.org\/es\/wp-json\/wp\/v2\/pages"}],"about":[{"href":"https:\/\/cveep.org\/es\/wp-json\/wp\/v2\/types\/page"}],"author":[{"embeddable":true,"href":"https:\/\/cveep.org\/es\/wp-json\/wp\/v2\/users\/9"}],"replies":[{"embeddable":true,"href":"https:\/\/cveep.org\/es\/wp-json\/wp\/v2\/comments?post=29059"}],"version-history":[{"count":0,"href":"https:\/\/cveep.org\/es\/wp-json\/wp\/v2\/pages\/29059\/revisions"}],"wp:featuredmedia":[{"embeddable":true,"href":"https:\/\/cveep.org\/es\/wp-json\/wp\/v2\/media\/29445"}],"wp:attachment":[{"href":"https:\/\/cveep.org\/es\/wp-json\/wp\/v2\/media?parent=29059"}],"curies":[{"name":"wp","href":"https:\/\/api.w.org\/{rel}","templated":true}]}}