{"id":33305,"date":"2025-11-05T19:21:01","date_gmt":"2025-11-05T19:21:01","guid":{"rendered":"https:\/\/cveep.org\/rightforyou\/"},"modified":"2026-03-10T20:06:22","modified_gmt":"2026-03-10T20:06:22","slug":"idealparati","status":"publish","type":"page","link":"https:\/\/cveep.org\/es\/idealparati\/","title":{"rendered":"Right For You"},"content":{"rendered":"\n<div class=\"block-underlay  block-underlay--white\">\n\t<div  class=\"hero-block hero-block--image lazyload\" style=\"background-image:inherit;\" data-bg-image=\"linear-gradient(47deg, rgba(8, 12, 53, 0.96) 5.03%, rgba(24, 34, 155, 0.40) 74.87%), url(https:\/\/cveep.org\/wp-content\/uploads\/2026\/02\/Screenshot-2026-02-27-at-11.46.41-AM.png)\">\n\t\t<div class=\"container\">\n\t\t\t<div class=\"hero-block__container\">\n\t\t\t\t\n\t\t\t\t\t\t\t\t\t<div class=\"hero-block__title\">\n\t\t\t\t\t\t<h1>Los problemas de salud cr\u00f3nicos aumentan el riesgo. Las vacunas lo reducen.<\/h1>\n\t\t\t\t\t<\/div>\n\t\t\t\t\n\n\t\t\t\t\t\t\t<\/div>\n\t\t<\/div>\n\t<\/div>\n<\/div>\n\n\n\n<div class=\"container\">\n\n\n\n<div style=\"height:40px\" aria-hidden=\"true\" class=\"wp-block-spacer\"><\/div>\n\n\n\n<h3 class=\"wp-block-heading has-foreground-color has-text-color has-link-color wp-elements-8aad662c0f2eb0bc71da42bc740d3ce2\">Las enfermedades respiratorias como el COVID-19, la gripe, la enfermedad neumoc\u00f3cica y el VRS no afectan a todas las personas por igual. Para las personas con determinados problemas de salud, ya sean ni\u00f1os o adultos, los riesgos de padecer una enfermedad grave, ser hospitalizados o incluso fallecer son significativamente mayores.\n<\/h3>\n\n\n\n<div style=\"height:40px\" aria-hidden=\"true\" class=\"wp-block-spacer\"><\/div>\n\n\n\n<hr class=\"wp-block-separator has-alpha-channel-opacity\"\/>\n\n\n\n<div style=\"height:40px\" aria-hidden=\"true\" class=\"wp-block-spacer\"><\/div>\n\n\n\n<h2 class=\"wp-block-heading\">\u00bfQui\u00e9nes corren mayor riesgo?<\/h2>\n\n\n\n<div style=\"height:40px\" aria-hidden=\"true\" class=\"wp-block-spacer\"><\/div>\n\n\n\n<p>Las personas que padecen enfermedades como diabetes, enfermedades card\u00edacas, enfermedades pulmonares cr\u00f3nicas, sistemas inmunitarios debilitados y otras enfermedades cr\u00f3nicas corren un mayor riesgo de padecer enfermedades respiratorias. La vacunaci\u00f3n puede marcar la diferencia entre una enfermedad leve y complicaciones potencialmente mortales.<\/p>\n\n\n\n<div style=\"height:40px\" aria-hidden=\"true\" class=\"wp-block-spacer\"><\/div>\n\n\n\n<h2 class=\"wp-block-heading\"><strong>Act\u00faa hoy mismo<\/strong><\/h2>\n\n\n\n<div style=\"height:40px\" aria-hidden=\"true\" class=\"wp-block-spacer\"><\/div>\n\n\n\n<p>Haz clic en el men\u00fa de abajo para ver si se recomienda alguna vacuna seg\u00fan tu estado de salud. \u00dasalo para ver r\u00e1pidamente qu\u00e9 vacunas pueden ofrecerte la mejor protecci\u00f3n contra enfermedades respiratorias graves.<\/p>\n\n\n\n<p>&nbsp;<\/p>\n\n\n\n<p>Consulta a tu proveedor de atenci\u00f3n m\u00e9dica sobre qu\u00e9 vacunas son adecuadas para ti o tus seres queridos. Si tienes m\u00faltiples problemas de salud cr\u00f3nicos, ellos pueden orientarte sobre las mejores recomendaciones.<\/p>\n\n\n\n<div style=\"height:40px\" aria-hidden=\"true\" class=\"wp-block-spacer\"><\/div>\n\n\n\n<\/div>\n\n\n    <div class=\"vaccine-grid-container\">\n        <div class=\"vaccine-grid\">\n            <div class=\"\" id=\"intro-box\">\n                <p style=\"text-align:center;\">\n                    <span class=\"vm-select-prompt\">Please select both an age group and a health condition.<\/span><br>\n                <\/p>\n            <\/div>\n            <div class=\"selectors\">\n                <div class=\"selector age-group\">\n                    <h3 style=\"width: 100%; text-align:center;\"><span class=\"vm-age-label\">Age Group<\/span><\/h3>\n                    <button data-age=\"6-18\" class=\"vm-age-item\">6\u201318 years<\/button>\n                    <button data-age=\"19-49\" class=\"vm-age-item\">19\u201349 years<\/button>\n                    <button data-age=\"50-64\" class=\"vm-age-item\">50\u201364 years<\/button>\n                    <button data-age=\"65+\" class=\"vm-age-item\">65+ years<\/button>\n                <\/div>\n\n                <div class=\"selector condition\">\n                    <h3 style=\"width: 100%; text-align:center;\"><span class=\"vm-condition-label\" style=\"width: 100%; display: block; text-align:center;\">Health Condition<\/span><\/h3>\n                    <button data-condition=\"obesity\" class=\"vm-condition-item\">Obesity<\/button>\n                    <button data-condition=\"diabetes\" class=\"vm-condition-item\">Type 2 diabetes<\/button>\n                    <button data-condition=\"respiratory\" class=\"vm-condition-item\">Chronic lung disease, including<br \/>COPD and asthma<\/button>\n                    <button data-condition=\"cardio\" class=\"vm-condition-item\">Chronic cardiovascular \/ heart disease<\/button>\n                    <button data-condition=\"kidney\" class=\"vm-condition-item\">Chronic kidney disease<\/button>\n                <\/div>\n            <\/div>\n            <div class=\"results\" id=\"results-box\">\n                <p>\n                    <span class=\"vm-healthy-info\">To learn more about vaccination recommendations, click here.<\/span>\n                    <a href=\"https:\/\/cveep.org\/vaccines\/guidelines-recommendations\/\" target=\"_blank\"><\/a>\n                <\/p>                \n            <\/div>\n            <div style=\"text-align: center; font-size: .8em;\">\n                <p><span class=\"vm-disclaimer-text\">This guide is based on recommendations from the Centers for Disease Control and accurate as of December 1, 2025. As always, talk with your health care provider to help you make the best choice for your health.<\/span><\/p>\n            <\/div>\n\n            \n        <\/div>\n    <\/div>\n    \n\n\n<div \tclass=\"text-and-media-block image--left \">\n\t<div class=\"text-and-media-block__container container\">\n\t\t<div class=\"text-and-media-block__col\">\n\t\t\t\t\t\t\t<div class=\"text-and-media-block__caption\">\n\t\t\t\t\tLOCALIZADOR DE VACUNAS\t\t\t\t<\/div>\n\t\t\t\n\t\t\t\t\t\t\t<h2 class=\"text-and-media-block__title\">Encuentra lugares de vacunaci\u00f3n cerca de ti.<\/h2>\n\t\t\t\n\t\t\t\t\t\t\t<div\n\t\t\t\t\tclass=\"text-and-media-block__subtitle lede-text\">Usa la herramienta de localizaci\u00f3n de CVEEP para encontrar f\u00e1cilmente lugares cerca de ti que ofrecen vacunas.<\/div>\n\t\t\t\n\t\t\t\t\t\t\t<div class=\"text-and-media-block__description\"><p>Simplemente ingresa tu c\u00f3digo postal (ZIP code) o ciudad para ver farmacias y centros de salud cercanos donde puedas obtener m\u00e1s informaci\u00f3n sobre la vacunaci\u00f3n y programar una cita.<\/p>\n<\/div>\n\t\t\t\n\t\t\t\t\t\t\t<div class=\"text-and-media-block__button\">\n\t\t\t\t\t<a href=\"https:\/\/cveep.org\/vaccine-locator\/\"\n\t\t\t\t\t   class=\"button\" target=\"_self\">HAZ CLIC AQU\u00cd<\/a>\n\t\t\t\t<\/div>\n\t\t\t\n\t\t<\/div>\n\n\t\t<div class=\"text-and-media-block__col\">\n\t\t\t\t\t\t\t<div class=\"text-and-media-block__image\">\n\t\t\t\t\t<img decoding=\"async\" data-src=\"https:\/\/cveep.org\/wp-content\/uploads\/2025\/10\/CVEEP-Vaccine-Locator-_SP-Web-2-768x597.png\" alt=\"\" src=\"data:image\/svg+xml;base64,PHN2ZyB3aWR0aD0iMSIgaGVpZ2h0PSIxIiB4bWxucz0iaHR0cDovL3d3dy53My5vcmcvMjAwMC9zdmciPjwvc3ZnPg==\" class=\"lazyload\" style=\"--smush-placeholder-width: 768px; --smush-placeholder-aspect-ratio: 768\/597;\">\n\t\t\t\t<\/div>\n\t\t\t\t\t<\/div>\n\n\t<\/div>\n<\/div>\n\n\n<div class=\"latest-resources-block__underlay\">\n\t<div class=\"latest-resources-block\">\n\t\t<div class=\"latest-resources-block__container container\">\n\t\t\t\t\t\t\t<h3 class=\"latest-resources-block__title\">Recursos adicionales:<\/h3>\n\t\t\t\t\t\t\t\t\t\t<div class=\"latest-resources-block__resources\">\n\t\t\t\t\t\n<div class=\"archive-resources__item\">\n\t<a href=\"https:\/\/cveep.org\/es\/news\/respiratory-vaccines-for-people-with-chronic-health-issues-diabetes\/\" class=\"archive-resources__item-absolute-link\"><\/a>\n\t\t\t<img decoding=\"async\" data-src=\"https:\/\/cveep.org\/wp-content\/uploads\/2026\/02\/Diabetes-Toolkit-Spanish-768x432.jpg\" alt=\"Lo que debes saber sobre las vacunas respiratorias si tienes diabetes\" src=\"data:image\/svg+xml;base64,PHN2ZyB3aWR0aD0iMSIgaGVpZ2h0PSIxIiB4bWxucz0iaHR0cDovL3d3dy53My5vcmcvMjAwMC9zdmciPjwvc3ZnPg==\" class=\"lazyload\" style=\"--smush-placeholder-width: 768px; --smush-placeholder-aspect-ratio: 768\/432;\">\n\t\n\t<div class=\"archive-resources__item-categories\"><strong>Vacunas<\/strong><span class=\"divider\"> | <\/span>Inmunocomprometido<\/div>\n\n\t<h5 class=\"archive-resources__item-title\">Lo que debes saber sobre las vacunas respiratorias si tienes diabetes<\/h5>\n\t<!--<div class=\"archive-resources__item-description\"><\/div>-->\n\t<span class=\"archive-resources__item-link\">Inf\u00f3rmate M\u00e1s<\/span>\n<\/div>\n\n\n<div class=\"archive-resources__item\">\n\t<a href=\"https:\/\/cveep.org\/es\/news\/respiratory-vaccines-for-people-with-chronic-health-issues-heart-disease\/\" class=\"archive-resources__item-absolute-link\"><\/a>\n\t\t\t<img decoding=\"async\" data-src=\"https:\/\/cveep.org\/wp-content\/uploads\/2026\/02\/Heart-Toolkit-Spanish-768x432.jpg\" alt=\"Lo que debes saber sobre las vacunas respiratorias si tienes enfermedad card\u00edaca\" src=\"data:image\/svg+xml;base64,PHN2ZyB3aWR0aD0iMSIgaGVpZ2h0PSIxIiB4bWxucz0iaHR0cDovL3d3dy53My5vcmcvMjAwMC9zdmciPjwvc3ZnPg==\" class=\"lazyload\" style=\"--smush-placeholder-width: 768px; --smush-placeholder-aspect-ratio: 768\/432;\">\n\t\n\t<div class=\"archive-resources__item-categories\"><strong>Vacunas<\/strong><span class=\"divider\"> | <\/span>Inmunocomprometido<\/div>\n\n\t<h5 class=\"archive-resources__item-title\">Lo que debes saber sobre las vacunas respiratorias si tienes enfermedad card\u00edaca<\/h5>\n\t<!--<div class=\"archive-resources__item-description\"><\/div>-->\n\t<span class=\"archive-resources__item-link\">Inf\u00f3rmate M\u00e1s<\/span>\n<\/div>\n\n\n<div class=\"archive-resources__item\">\n\t<a href=\"https:\/\/cveep.org\/es\/news\/what-to-know-about-respiratory-vaccines-if-you-have-asthma-or-other-lung-conditions\/\" class=\"archive-resources__item-absolute-link\"><\/a>\n\t\t\t<img decoding=\"async\" data-src=\"https:\/\/cveep.org\/wp-content\/uploads\/2026\/02\/Asthma-Toolkit-Spanish-768x432.jpg\" alt=\"Lo que debes saber sobre las vacunas respiratorias si tienes asma o enfermedad pulmonar cr\u00f3nica\" src=\"data:image\/svg+xml;base64,PHN2ZyB3aWR0aD0iMSIgaGVpZ2h0PSIxIiB4bWxucz0iaHR0cDovL3d3dy53My5vcmcvMjAwMC9zdmciPjwvc3ZnPg==\" class=\"lazyload\" style=\"--smush-placeholder-width: 768px; --smush-placeholder-aspect-ratio: 768\/432;\">\n\t\n\t<div class=\"archive-resources__item-categories\"><strong>Vacunas<\/strong><span class=\"divider\"> | <\/span>Inmunocomprometido<\/div>\n\n\t<h5 class=\"archive-resources__item-title\">Lo que debes saber sobre las vacunas respiratorias si tienes asma o enfermedad pulmonar cr\u00f3nica<\/h5>\n\t<!--<div class=\"archive-resources__item-description\"><\/div>-->\n\t<span class=\"archive-resources__item-link\">Inf\u00f3rmate M\u00e1s<\/span>\n<\/div>\n\n\n<div class=\"archive-resources__item\">\n\t<a href=\"https:\/\/cveep.org\/es\/news\/what-to-know-about-respiratory-vaccines-if-you-have-chronic-kidney-disease\/\" class=\"archive-resources__item-absolute-link\"><\/a>\n\t\t\t<img decoding=\"async\" data-src=\"https:\/\/cveep.org\/wp-content\/uploads\/2026\/03\/Kidney-Toolkit-Spanish-768x432.png\" alt=\"Lo que debes saber sobre las vacunas respiratorias si padecer enfermedad renal cr\u00f3nica\" src=\"data:image\/svg+xml;base64,PHN2ZyB3aWR0aD0iMSIgaGVpZ2h0PSIxIiB4bWxucz0iaHR0cDovL3d3dy53My5vcmcvMjAwMC9zdmciPjwvc3ZnPg==\" class=\"lazyload\" style=\"--smush-placeholder-width: 768px; --smush-placeholder-aspect-ratio: 768\/432;\">\n\t\n\t<div class=\"archive-resources__item-categories\"><strong>Vacunas<\/strong><span class=\"divider\"> | <\/span>Inmunocomprometido<\/div>\n\n\t<h5 class=\"archive-resources__item-title\">Lo que debes saber sobre las vacunas respiratorias si padecer enfermedad renal cr\u00f3nica<\/h5>\n\t<!--<div class=\"archive-resources__item-description\"><\/div>-->\n\t<span class=\"archive-resources__item-link\">Inf\u00f3rmate M\u00e1s<\/span>\n<\/div>\n\n\t\t\t\t<\/div>\n\t\t\t\n\t\t\t\t\t<\/div>\n\t<\/div>\n<\/div>\n","protected":false},"excerpt":{"rendered":"<p>Las enfermedades respiratorias como el COVID-19, la gripe, la enfermedad neumoc&oacute;cica y el VRS no afectan a todas las personas por igual. Para las personas con determinados problemas de salud, ya sean ni&ntilde;os o adultos, los riesgos de padecer una enfermedad grave, ser hospitalizados o incluso fallecer son significativamente mayores. &iquest;Qui&eacute;nes corren mayor riesgo? Las [&hellip;]<\/p>\n","protected":false},"author":9,"featured_media":33586,"parent":0,"menu_order":0,"comment_status":"closed","ping_status":"closed","template":"","meta":{"_acf_changed":false,"inline_featured_image":false,"footnotes":""},"class_list":["post-33305","page","type-page","status-publish","has-post-thumbnail","hentry"],"acf":[],"yoast_head":"<!-- This site is optimized with the Yoast SEO plugin v27.2 - https:\/\/yoast.com\/product\/yoast-seo-wordpress\/ -->\n<title>Right For You - CVEEP<\/title>\n<meta name=\"robots\" content=\"index, follow, max-snippet:-1, max-image-preview:large, max-video-preview:-1\" \/>\n<link rel=\"canonical\" href=\"https:\/\/cveep.org\/es\/idealparati\/\" \/>\n<meta property=\"og:locale\" content=\"es_ES\" \/>\n<meta property=\"og:type\" content=\"article\" \/>\n<meta property=\"og:title\" content=\"Right For You - CVEEP\" \/>\n<meta property=\"og:description\" content=\"Las enfermedades respiratorias como el COVID-19, la gripe, la enfermedad neumoc&oacute;cica y el VRS no afectan a todas las personas por igual. Para las personas con determinados problemas de salud, ya sean ni&ntilde;os o adultos, los riesgos de padecer una enfermedad grave, ser hospitalizados o incluso fallecer son significativamente mayores. &iquest;Qui&eacute;nes corren mayor riesgo? Las [&hellip;]\" \/>\n<meta property=\"og:url\" content=\"https:\/\/cveep.org\/es\/idealparati\/\" \/>\n<meta property=\"og:site_name\" content=\"CVEEP\" \/>\n<meta property=\"article:modified_time\" content=\"2026-03-10T20:06:22+00:00\" \/>\n<meta property=\"og:image\" content=\"https:\/\/cveep.org\/wp-content\/uploads\/2026\/02\/Screenshot-2026-02-27-at-11.37.16-AM.png\" \/>\n\t<meta property=\"og:image:width\" content=\"1292\" \/>\n\t<meta property=\"og:image:height\" content=\"856\" \/>\n\t<meta property=\"og:image:type\" content=\"image\/png\" \/>\n<meta name=\"twitter:card\" content=\"summary_large_image\" \/>\n<meta name=\"twitter:label1\" content=\"Est. reading time\" \/>\n\t<meta name=\"twitter:data1\" content=\"1 minuto\" \/>\n<script type=\"application\/ld+json\" class=\"yoast-schema-graph\">{\"@context\":\"https:\/\/schema.org\",\"@graph\":[{\"@type\":\"WebPage\",\"@id\":\"https:\/\/cveep.org\/es\/idealparati\/\",\"url\":\"https:\/\/cveep.org\/es\/idealparati\/\",\"name\":\"Right For You - CVEEP\",\"isPartOf\":{\"@id\":\"https:\/\/cveep.org\/#website\"},\"primaryImageOfPage\":{\"@id\":\"https:\/\/cveep.org\/es\/idealparati\/#primaryimage\"},\"image\":{\"@id\":\"https:\/\/cveep.org\/es\/idealparati\/#primaryimage\"},\"thumbnailUrl\":\"https:\/\/cveep.org\/wp-content\/uploads\/2026\/02\/Screenshot-2026-02-27-at-11.37.16-AM.png\",\"datePublished\":\"2025-11-05T19:21:01+00:00\",\"dateModified\":\"2026-03-10T20:06:22+00:00\",\"inLanguage\":\"es\",\"potentialAction\":[{\"@type\":\"ReadAction\",\"target\":[\"https:\/\/cveep.org\/es\/idealparati\/\"]}]},{\"@type\":\"ImageObject\",\"inLanguage\":\"es\",\"@id\":\"https:\/\/cveep.org\/es\/idealparati\/#primaryimage\",\"url\":\"https:\/\/cveep.org\/wp-content\/uploads\/2026\/02\/Screenshot-2026-02-27-at-11.37.16-AM.png\",\"contentUrl\":\"https:\/\/cveep.org\/wp-content\/uploads\/2026\/02\/Screenshot-2026-02-27-at-11.37.16-AM.png\",\"width\":1292,\"height\":856},{\"@type\":\"WebSite\",\"@id\":\"https:\/\/cveep.org\/#website\",\"url\":\"https:\/\/cveep.org\/\",\"name\":\"CVEEP\",\"description\":\"\",\"potentialAction\":[{\"@type\":\"SearchAction\",\"target\":{\"@type\":\"EntryPoint\",\"urlTemplate\":\"https:\/\/cveep.org\/?s={search_term_string}\"},\"query-input\":{\"@type\":\"PropertyValueSpecification\",\"valueRequired\":true,\"valueName\":\"search_term_string\"}}],\"inLanguage\":\"es\"}]}<\/script>\n<!-- \/ Yoast SEO plugin. -->","yoast_head_json":{"title":"Right For You - CVEEP","robots":{"index":"index","follow":"follow","max-snippet":"max-snippet:-1","max-image-preview":"max-image-preview:large","max-video-preview":"max-video-preview:-1"},"canonical":"https:\/\/cveep.org\/es\/idealparati\/","og_locale":"es_ES","og_type":"article","og_title":"Right For You - CVEEP","og_description":"Las enfermedades respiratorias como el COVID-19, la gripe, la enfermedad neumoc&oacute;cica y el VRS no afectan a todas las personas por igual. Para las personas con determinados problemas de salud, ya sean ni&ntilde;os o adultos, los riesgos de padecer una enfermedad grave, ser hospitalizados o incluso fallecer son significativamente mayores. &iquest;Qui&eacute;nes corren mayor riesgo? Las [&hellip;]","og_url":"https:\/\/cveep.org\/es\/idealparati\/","og_site_name":"CVEEP","article_modified_time":"2026-03-10T20:06:22+00:00","og_image":[{"width":1292,"height":856,"url":"https:\/\/cveep.org\/wp-content\/uploads\/2026\/02\/Screenshot-2026-02-27-at-11.37.16-AM.png","type":"image\/png"}],"twitter_card":"summary_large_image","twitter_misc":{"Est. reading time":"1 minuto"},"schema":{"@context":"https:\/\/schema.org","@graph":[{"@type":"WebPage","@id":"https:\/\/cveep.org\/es\/idealparati\/","url":"https:\/\/cveep.org\/es\/idealparati\/","name":"Right For You - CVEEP","isPartOf":{"@id":"https:\/\/cveep.org\/#website"},"primaryImageOfPage":{"@id":"https:\/\/cveep.org\/es\/idealparati\/#primaryimage"},"image":{"@id":"https:\/\/cveep.org\/es\/idealparati\/#primaryimage"},"thumbnailUrl":"https:\/\/cveep.org\/wp-content\/uploads\/2026\/02\/Screenshot-2026-02-27-at-11.37.16-AM.png","datePublished":"2025-11-05T19:21:01+00:00","dateModified":"2026-03-10T20:06:22+00:00","inLanguage":"es","potentialAction":[{"@type":"ReadAction","target":["https:\/\/cveep.org\/es\/idealparati\/"]}]},{"@type":"ImageObject","inLanguage":"es","@id":"https:\/\/cveep.org\/es\/idealparati\/#primaryimage","url":"https:\/\/cveep.org\/wp-content\/uploads\/2026\/02\/Screenshot-2026-02-27-at-11.37.16-AM.png","contentUrl":"https:\/\/cveep.org\/wp-content\/uploads\/2026\/02\/Screenshot-2026-02-27-at-11.37.16-AM.png","width":1292,"height":856},{"@type":"WebSite","@id":"https:\/\/cveep.org\/#website","url":"https:\/\/cveep.org\/","name":"CVEEP","description":"","potentialAction":[{"@type":"SearchAction","target":{"@type":"EntryPoint","urlTemplate":"https:\/\/cveep.org\/?s={search_term_string}"},"query-input":{"@type":"PropertyValueSpecification","valueRequired":true,"valueName":"search_term_string"}}],"inLanguage":"es"}]}},"_links":{"self":[{"href":"https:\/\/cveep.org\/es\/wp-json\/wp\/v2\/pages\/33305","targetHints":{"allow":["GET"]}}],"collection":[{"href":"https:\/\/cveep.org\/es\/wp-json\/wp\/v2\/pages"}],"about":[{"href":"https:\/\/cveep.org\/es\/wp-json\/wp\/v2\/types\/page"}],"author":[{"embeddable":true,"href":"https:\/\/cveep.org\/es\/wp-json\/wp\/v2\/users\/9"}],"replies":[{"embeddable":true,"href":"https:\/\/cveep.org\/es\/wp-json\/wp\/v2\/comments?post=33305"}],"version-history":[{"count":0,"href":"https:\/\/cveep.org\/es\/wp-json\/wp\/v2\/pages\/33305\/revisions"}],"wp:featuredmedia":[{"embeddable":true,"href":"https:\/\/cveep.org\/es\/wp-json\/wp\/v2\/media\/33586"}],"wp:attachment":[{"href":"https:\/\/cveep.org\/es\/wp-json\/wp\/v2\/media?parent=33305"}],"curies":[{"name":"wp","href":"https:\/\/api.w.org\/{rel}","templated":true}]}}