{"id":33452,"date":"2025-12-10T22:25:40","date_gmt":"2025-12-10T22:25:40","guid":{"rendered":"https:\/\/cveep.org\/vaccines-for-adults-50-and-older\/"},"modified":"2026-01-29T15:31:10","modified_gmt":"2026-01-29T15:31:10","slug":"vaccines-for-adults-50-and-older","status":"publish","type":"page","link":"https:\/\/cveep.org\/es\/vaccines-for-adults-50-and-older\/","title":{"rendered":"Vacunas para adultos de 50 a\u00f1os o m\u00e1s"},"content":{"rendered":"\n<div class=\"block-underlay  block-underlay--white\">\n\t<div  class=\"hero-block hero-block--image lazyload\" style=\"background-image:inherit;\" data-bg-image=\"linear-gradient(47deg, rgba(8, 12, 53, 0.96) 5.03%, rgba(24, 34, 155, 0.40) 74.87%), url(https:\/\/cveep.org\/wp-content\/uploads\/2024\/08\/shutterstock_2462418427-2048x1080.jpg)\">\n\t\t<div class=\"container\">\n\t\t\t<div class=\"hero-block__container\">\n\t\t\t\t\n\t\t\t\t\t\t\t\t\t<div class=\"hero-block__title\">\n\t\t\t\t\t\t<h1>Los adultos de 50 a\u00f1os y m\u00e1s corren mayor riesgo de padecer enfermedades graves derivadas de enfermedades respiratorias infecciosas.<\/h1>\n\t\t\t\t\t<\/div>\n\t\t\t\t\n\n\t\t\t\t\t\t\t\t\t<div class=\"hero-block__description lede-text\">\n\t\t\t\t\t\tLas vacunas son la herramienta m\u00e1s eficaz que tienes para prevenir enfermedades graves y proteger tu salud.\t\t\t\t\t<\/div>\n\t\t\t\t\t\t\t<\/div>\n\t\t<\/div>\n\t<\/div>\n<\/div>\n\n\n<div  class=\"text-block \">\n\t<div class=\"text-block__container container\">\n\t\t<div class=\"text-block__column\">\n\t\t\t\t\t\t\t<div class=\"text-block__title\">\n\t\t\t\t\t<h2>Toma medidas para proteger tu salud.<\/h2>\n\t\t\t\t<\/div>\n\t\t\t\t\t<\/div>\n\t\t<div class=\"text-block__column\">\n\t\t\t\t\t\t\t<div class=\"text-block__subtitle lede-text\">\n\t\t\t\t\tProt\u00e9gete contra las enfermedades respiratorias infecciosas mediante las vacunas.\t\t\t\t<\/div>\n\t\t\t\n\t\t\t\t\t\t\t<div class=\"text-block__description\">\n\t\t\t\t\t<div><p>Para los adultos de 50 a\u00f1os y m\u00e1s, las enfermedades respiratorias infecciosas, como el COVID-19, la gripe, el virus respiratorio sincitial (VRS) y la enfermedad neumoc\u00f3cica, pueden ser graves. A medida que uno envejece, el sistema inmunitario se debilita naturalmente, lo que pone a los adultos de 50 a\u00f1os y m\u00e1s en riesgo significativamente mayor de hospitalizaci\u00f3n y muerte por enfermedades respiratorias.<\/p>\n<p><span data-ccp-props=\"{&quot;134233117&quot;:false,&quot;134233118&quot;:false,&quot;201341983&quot;:0,&quot;335551550&quot;:1,&quot;335551620&quot;:1,&quot;335559685&quot;:0,&quot;335559737&quot;:0,&quot;335559738&quot;:0,&quot;335559739&quot;:0,&quot;335559740&quot;:279}\">\u00a0<\/span><\/p>\n<p>Las vacunas pueden ayudar a prevenir las complicaciones m\u00e1s graves de estas enfermedades, lo que ayuda a mantenerte saludable y activo. Se recomiendan varias vacunas respiratorias para brindar protecci\u00f3n a los adultos de 50 a\u00f1os y m\u00e1s. Seguir leyendo para m\u00e1s informaci\u00f3n.<\/p>\n<\/div>\n\t\t\t\t<\/div>\n\t\t\t\n\t\t\t\t\t<\/div>\n\t<\/div>\n<\/div>\n\n\n\n<div  class=\"respiratory-diseases-block lazyload\" style=\"background-image:inherit;\" data-bg-image=\"linear-gradient(94deg, rgba(24, 34, 155, 0.54) 0%, rgba(8, 12, 53, 0.96) 111.73%), url(https:\/\/cveep.org\/wp-content\/uploads\/2024\/11\/doctor-on-duty-2048x1363.jpg)\">\n\t<div class=\"respiratory-diseases-block__container container\">\n\t\t\t\t\t<div class=\"respiratory-diseases-block__title\">\n\t\t\t\t<h2>Vacunas recomendadas para adultos de 50 a\u00f1os o m\u00e1s<\/h2>\n\t\t\t<\/div>\n\t\t\t\t\t\t\t<div class=\"respiratory-diseases-block__description lede-text\">\n\t\t\t\tDependiendo de tu edad y tu estado de salud, se te puede recomendar que te pongas las vacunas contra la gripe, el COVID-19, el VRS o la infecci\u00f3n neumoc\u00f3cica. Habla con tu proveedor de atenci\u00f3n m\u00e9dica para saber qu\u00e9 vacunas son las adecuadas para ti.\t\t\t<\/div>\n\t\t\t\t<div class=\"respiratory-diseases-block__content\">\n\n\t\t\t<div class=\"respiratory-diseases-block__posts\">\n\t\t\t\t\t\t\t\t\t<a href=\"https:\/\/cveep.org\/es\/respiratory-disease\/pneumococcal\/\" class=\"respiratory-diseases-block__post\">\n\t\t\t\t\t\t<h5 class=\"respiratory-diseases-block__post-title\">Enfermedad neumoc\u00f3cica<\/h5>\n\t\t\t\t\t\t<span class=\"respiratory-diseases-block__post-link\"> Inf\u00f3rmate M\u00e1s<\/span>\n\t\t\t\t\t<\/a>\n\t\t\t\t\t\t\t\t\t<a href=\"https:\/\/cveep.org\/es\/respiratory-disease\/rsv\/\" class=\"respiratory-diseases-block__post\">\n\t\t\t\t\t\t<h5 class=\"respiratory-diseases-block__post-title\">Virus respiratorio sincitial (VRS)<\/h5>\n\t\t\t\t\t\t<span class=\"respiratory-diseases-block__post-link\"> Inf\u00f3rmate M\u00e1s<\/span>\n\t\t\t\t\t<\/a>\n\t\t\t\t\t\t\t\t\t<a href=\"https:\/\/cveep.org\/es\/respiratory-disease\/flu\/\" class=\"respiratory-diseases-block__post\">\n\t\t\t\t\t\t<h5 class=\"respiratory-diseases-block__post-title\">Influenza (Gripe)<\/h5>\n\t\t\t\t\t\t<span class=\"respiratory-diseases-block__post-link\"> Inf\u00f3rmate M\u00e1s<\/span>\n\t\t\t\t\t<\/a>\n\t\t\t\t\t\t\t\t\t<a href=\"https:\/\/cveep.org\/es\/respiratory-disease\/covid-19\/\" class=\"respiratory-diseases-block__post\">\n\t\t\t\t\t\t<h5 class=\"respiratory-diseases-block__post-title\">COVID-19<\/h5>\n\t\t\t\t\t\t<span class=\"respiratory-diseases-block__post-link\"> Inf\u00f3rmate M\u00e1s<\/span>\n\t\t\t\t\t<\/a>\n\t\t\t\t\t\t\t<\/div>\n\n\t\t<\/div>\n\t<\/div>\n<\/div>\n\n\n<div \tclass=\"text-and-media-block image--left \">\n\t<div class=\"text-and-media-block__container container\">\n\t\t<div class=\"text-and-media-block__col\">\n\t\t\t\n\t\t\t\t\t\t\t<h2 class=\"text-and-media-block__title\">Ponte a punto para el VRS: lo que los adultos de 50 a\u00f1os y m\u00e1s deben saber sobre las vacunas contra el VRS<\/h2>\n\t\t\t\n\t\t\t\t\t\t\t<div\n\t\t\t\t\tclass=\"text-and-media-block__subtitle lede-text\">Muchas personas piensan que el VRS es una enfermedad infantil, pero el mismo virus tambi\u00e9n puede afectar gravemente a los adultos.<\/div>\n\t\t\t\n\t\t\t\t\t\t\t<div class=\"text-and-media-block__description\"><p>Se recomiendan las vacunas para todas las personas de 75 a\u00f1os o m\u00e1s, y para muchos adultos a partir de los 50 a\u00f1os y que tienen ciertas afecciones de salud. Si tienes 50 a\u00f1os o m\u00e1s, consulta a un proveedor de atenci\u00f3n m\u00e9dica sobre si las vacunas contra el VRS son adecuadas para ti.<\/p>\n<\/div>\n\t\t\t\n\t\t\t\t\t\t\t<div class=\"text-and-media-block__button\">\n\t\t\t\t\t<a href=\"https:\/\/cveep.org\/es\/campaign\/what-adults-50-need-to-know-about-rsv\/\"\n\t\t\t\t\t   class=\"button\" target=\"_self\">Aprende M\u00e1s<\/a>\n\t\t\t\t<\/div>\n\t\t\t\n\t\t<\/div>\n\n\t\t<div class=\"text-and-media-block__col\">\n\t\t\t\t\t\t\t<div class=\"text-and-media-block__image\">\n\t\t\t\t\t<img decoding=\"async\" data-src=\"https:\/\/cveep.org\/wp-content\/uploads\/2025\/12\/iStock-2219346885_EXT-768x555.jpg\" alt=\"\" src=\"data:image\/svg+xml;base64,PHN2ZyB3aWR0aD0iMSIgaGVpZ2h0PSIxIiB4bWxucz0iaHR0cDovL3d3dy53My5vcmcvMjAwMC9zdmciPjwvc3ZnPg==\" class=\"lazyload\" style=\"--smush-placeholder-width: 768px; --smush-placeholder-aspect-ratio: 768\/555;\">\n\t\t\t\t<\/div>\n\t\t\t\t\t<\/div>\n\n\t<\/div>\n<\/div>\n\n\n<div \tclass=\"text-and-media-block image--right text-and-media-block--grey\">\n\t<div class=\"text-and-media-block__container container\">\n\t\t<div class=\"text-and-media-block__col\">\n\t\t\t\n\t\t\t\t\t\t\t<h2 class=\"text-and-media-block__title\">A cuidarse: se recomienda la vacuna contra la enfermedad neumoc\u00f3cica para todos los adultos de 50 a\u00f1os y m\u00e1s<\/h2>\n\t\t\t\n\t\t\t\t\t\t\t<div\n\t\t\t\t\tclass=\"text-and-media-block__subtitle lede-text\">La enfermedad neumoc\u00f3cica puede causar una enfermedad grave y provocar muchos tipos distintos de infecciones. Las vacunas pueden ayudar a prevenir las complicaciones m\u00e1s graves.<\/div>\n\t\t\t\n\t\t\t\t\t\t\t<div class=\"text-and-media-block__description\"><p>Si\u00a0ya cumpliste los 50 a\u00f1os,\u00a0se recomienda que te vacunes contra la enfermedad neumoc\u00f3cica.<\/p>\n<\/div>\n\t\t\t\n\t\t\t\t\t\t\t<div class=\"text-and-media-block__button\">\n\t\t\t\t\t<a href=\"https:\/\/cveep.org\/es\/campaign\/pneu-protects-you\/\"\n\t\t\t\t\t   class=\"button\" target=\"_self\">Aprende M\u00e1s<\/a>\n\t\t\t\t<\/div>\n\t\t\t\n\t\t<\/div>\n\n\t\t<div class=\"text-and-media-block__col\">\n\t\t\t\t\t\t\t<div class=\"text-and-media-block__image\">\n\t\t\t\t\t<img decoding=\"async\" data-src=\"https:\/\/cveep.org\/wp-content\/uploads\/2025\/12\/iStock-1447009406-scaled.jpg\" alt=\"\" src=\"data:image\/svg+xml;base64,PHN2ZyB3aWR0aD0iMSIgaGVpZ2h0PSIxIiB4bWxucz0iaHR0cDovL3d3dy53My5vcmcvMjAwMC9zdmciPjwvc3ZnPg==\" class=\"lazyload\" style=\"--smush-placeholder-width: 2560px; --smush-placeholder-aspect-ratio: 2560\/1707;\">\n\t\t\t\t<\/div>\n\t\t\t\t\t<\/div>\n\n\t<\/div>\n<\/div>\n","protected":false},"excerpt":{"rendered":"","protected":false},"author":5,"featured_media":1196,"parent":0,"menu_order":0,"comment_status":"closed","ping_status":"closed","template":"","meta":{"_acf_changed":true,"inline_featured_image":false,"footnotes":""},"class_list":["post-33452","page","type-page","status-publish","has-post-thumbnail","hentry"],"acf":[],"yoast_head":"<!-- This site is optimized with the Yoast SEO plugin v27.2 - https:\/\/yoast.com\/product\/yoast-seo-wordpress\/ -->\n<title>Vacunas para adultos de 50 a\u00f1os o m\u00e1s - CVEEP<\/title>\n<meta name=\"robots\" content=\"index, follow, max-snippet:-1, max-image-preview:large, max-video-preview:-1\" \/>\n<link rel=\"canonical\" href=\"https:\/\/cveep.org\/es\/vaccines-for-adults-50-and-older\/\" \/>\n<meta property=\"og:locale\" content=\"es_ES\" \/>\n<meta property=\"og:type\" content=\"article\" \/>\n<meta property=\"og:title\" content=\"Vacunas para adultos de 50 a\u00f1os o m\u00e1s - CVEEP\" \/>\n<meta property=\"og:url\" content=\"https:\/\/cveep.org\/es\/vaccines-for-adults-50-and-older\/\" \/>\n<meta property=\"og:site_name\" content=\"CVEEP\" \/>\n<meta property=\"article:modified_time\" content=\"2026-01-29T15:31:10+00:00\" \/>\n<meta property=\"og:image\" content=\"https:\/\/cveep.org\/wp-content\/uploads\/2024\/08\/shutterstock_2462418427-scaled.jpg\" \/>\n\t<meta property=\"og:image:width\" content=\"2560\" \/>\n\t<meta property=\"og:image:height\" content=\"1350\" \/>\n\t<meta property=\"og:image:type\" content=\"image\/jpeg\" \/>\n<meta name=\"twitter:card\" content=\"summary_large_image\" \/>\n<meta name=\"twitter:label1\" content=\"Est. reading time\" \/>\n\t<meta name=\"twitter:data1\" content=\"1 minuto\" \/>\n<script type=\"application\/ld+json\" class=\"yoast-schema-graph\">{\"@context\":\"https:\/\/schema.org\",\"@graph\":[{\"@type\":\"WebPage\",\"@id\":\"https:\/\/cveep.org\/es\/vaccines-for-adults-50-and-older\/\",\"url\":\"https:\/\/cveep.org\/es\/vaccines-for-adults-50-and-older\/\",\"name\":\"Vacunas para adultos de 50 a\u00f1os o m\u00e1s - CVEEP\",\"isPartOf\":{\"@id\":\"https:\/\/cveep.org\/#website\"},\"primaryImageOfPage\":{\"@id\":\"https:\/\/cveep.org\/es\/vaccines-for-adults-50-and-older\/#primaryimage\"},\"image\":{\"@id\":\"https:\/\/cveep.org\/es\/vaccines-for-adults-50-and-older\/#primaryimage\"},\"thumbnailUrl\":\"https:\/\/cveep.org\/wp-content\/uploads\/2024\/08\/shutterstock_2462418427-scaled.jpg\",\"datePublished\":\"2025-12-10T22:25:40+00:00\",\"dateModified\":\"2026-01-29T15:31:10+00:00\",\"inLanguage\":\"es\",\"potentialAction\":[{\"@type\":\"ReadAction\",\"target\":[\"https:\/\/cveep.org\/es\/vaccines-for-adults-50-and-older\/\"]}]},{\"@type\":\"ImageObject\",\"inLanguage\":\"es\",\"@id\":\"https:\/\/cveep.org\/es\/vaccines-for-adults-50-and-older\/#primaryimage\",\"url\":\"https:\/\/cveep.org\/wp-content\/uploads\/2024\/08\/shutterstock_2462418427-scaled.jpg\",\"contentUrl\":\"https:\/\/cveep.org\/wp-content\/uploads\/2024\/08\/shutterstock_2462418427-scaled.jpg\",\"width\":2560,\"height\":1350},{\"@type\":\"WebSite\",\"@id\":\"https:\/\/cveep.org\/#website\",\"url\":\"https:\/\/cveep.org\/\",\"name\":\"CVEEP\",\"description\":\"\",\"potentialAction\":[{\"@type\":\"SearchAction\",\"target\":{\"@type\":\"EntryPoint\",\"urlTemplate\":\"https:\/\/cveep.org\/?s={search_term_string}\"},\"query-input\":{\"@type\":\"PropertyValueSpecification\",\"valueRequired\":true,\"valueName\":\"search_term_string\"}}],\"inLanguage\":\"es\"}]}<\/script>\n<!-- \/ Yoast SEO plugin. -->","yoast_head_json":{"title":"Vacunas para adultos de 50 a\u00f1os o m\u00e1s - CVEEP","robots":{"index":"index","follow":"follow","max-snippet":"max-snippet:-1","max-image-preview":"max-image-preview:large","max-video-preview":"max-video-preview:-1"},"canonical":"https:\/\/cveep.org\/es\/vaccines-for-adults-50-and-older\/","og_locale":"es_ES","og_type":"article","og_title":"Vacunas para adultos de 50 a\u00f1os o m\u00e1s - CVEEP","og_url":"https:\/\/cveep.org\/es\/vaccines-for-adults-50-and-older\/","og_site_name":"CVEEP","article_modified_time":"2026-01-29T15:31:10+00:00","og_image":[{"width":2560,"height":1350,"url":"https:\/\/cveep.org\/wp-content\/uploads\/2024\/08\/shutterstock_2462418427-scaled.jpg","type":"image\/jpeg"}],"twitter_card":"summary_large_image","twitter_misc":{"Est. reading time":"1 minuto"},"schema":{"@context":"https:\/\/schema.org","@graph":[{"@type":"WebPage","@id":"https:\/\/cveep.org\/es\/vaccines-for-adults-50-and-older\/","url":"https:\/\/cveep.org\/es\/vaccines-for-adults-50-and-older\/","name":"Vacunas para adultos de 50 a\u00f1os o m\u00e1s - CVEEP","isPartOf":{"@id":"https:\/\/cveep.org\/#website"},"primaryImageOfPage":{"@id":"https:\/\/cveep.org\/es\/vaccines-for-adults-50-and-older\/#primaryimage"},"image":{"@id":"https:\/\/cveep.org\/es\/vaccines-for-adults-50-and-older\/#primaryimage"},"thumbnailUrl":"https:\/\/cveep.org\/wp-content\/uploads\/2024\/08\/shutterstock_2462418427-scaled.jpg","datePublished":"2025-12-10T22:25:40+00:00","dateModified":"2026-01-29T15:31:10+00:00","inLanguage":"es","potentialAction":[{"@type":"ReadAction","target":["https:\/\/cveep.org\/es\/vaccines-for-adults-50-and-older\/"]}]},{"@type":"ImageObject","inLanguage":"es","@id":"https:\/\/cveep.org\/es\/vaccines-for-adults-50-and-older\/#primaryimage","url":"https:\/\/cveep.org\/wp-content\/uploads\/2024\/08\/shutterstock_2462418427-scaled.jpg","contentUrl":"https:\/\/cveep.org\/wp-content\/uploads\/2024\/08\/shutterstock_2462418427-scaled.jpg","width":2560,"height":1350},{"@type":"WebSite","@id":"https:\/\/cveep.org\/#website","url":"https:\/\/cveep.org\/","name":"CVEEP","description":"","potentialAction":[{"@type":"SearchAction","target":{"@type":"EntryPoint","urlTemplate":"https:\/\/cveep.org\/?s={search_term_string}"},"query-input":{"@type":"PropertyValueSpecification","valueRequired":true,"valueName":"search_term_string"}}],"inLanguage":"es"}]}},"_links":{"self":[{"href":"https:\/\/cveep.org\/es\/wp-json\/wp\/v2\/pages\/33452","targetHints":{"allow":["GET"]}}],"collection":[{"href":"https:\/\/cveep.org\/es\/wp-json\/wp\/v2\/pages"}],"about":[{"href":"https:\/\/cveep.org\/es\/wp-json\/wp\/v2\/types\/page"}],"author":[{"embeddable":true,"href":"https:\/\/cveep.org\/es\/wp-json\/wp\/v2\/users\/5"}],"replies":[{"embeddable":true,"href":"https:\/\/cveep.org\/es\/wp-json\/wp\/v2\/comments?post=33452"}],"version-history":[{"count":0,"href":"https:\/\/cveep.org\/es\/wp-json\/wp\/v2\/pages\/33452\/revisions"}],"wp:featuredmedia":[{"embeddable":true,"href":"https:\/\/cveep.org\/es\/wp-json\/wp\/v2\/media\/1196"}],"wp:attachment":[{"href":"https:\/\/cveep.org\/es\/wp-json\/wp\/v2\/media?parent=33452"}],"curies":[{"name":"wp","href":"https:\/\/api.w.org\/{rel}","templated":true}]}}