{"id":5064,"date":"2024-10-03T16:00:29","date_gmt":"2024-10-03T16:00:29","guid":{"rendered":"https:\/\/covid19vaccine.local\/events\/"},"modified":"2025-05-06T15:33:43","modified_gmt":"2025-05-06T15:33:43","slug":"events","status":"publish","type":"page","link":"https:\/\/cveep.org\/es\/events\/","title":{"rendered":"Eventos"},"content":{"rendered":"\n<div class=\"block-underlay \">\n\t<div  class=\"hero-block hero-block--image lazyload\" style=\"background-image:inherit;\" data-bg-image=\"linear-gradient(47deg, rgba(8, 12, 53, 0.96) 5.03%, rgba(24, 34, 155, 0.40) 74.87%), url(https:\/\/cveep.org\/wp-content\/uploads\/2024\/09\/shutterstock_2493453071-2048x1304.jpg)\">\n\t\t<div class=\"container\">\n\t\t\t<div class=\"hero-block__container\">\n\t\t\t\t\n\t\t\t\t\t\t\t\t\t<div class=\"hero-block__title\">\n\t\t\t\t\t\t<h1>Eventos<\/h1>\n\t\t\t\t\t<\/div>\n\t\t\t\t\n\n\t\t\t\t\t\t\t\t\t<div class=\"hero-block__description lede-text\">\n\t\t\t\t\t\tAsiste a uno de los pr\u00f3ximos seminarios web del CVEEP que cuentan con paneles de expertos en salud p\u00fablica para obtener m\u00e1s informaci\u00f3n sobre enfermedades respiratorias infecciosas, vacunas y tratamientos. \t\t\t\t\t<\/div>\n\t\t\t\t\t\t\t<\/div>\n\t\t<\/div>\n\t<\/div>\n<\/div>\n\n\n\n\n\n<div  class=\"last-webinar-block\">\n\t<div class=\"last-webinar-block__underlay\">\n\t\t<div class=\"last-webinar-block__container container\">\n\t\t\t\t\t\t\t<h2 class=\"last-webinar-block__title\">Seminarios web m\u00e1s recientes <\/h2>\n\t\t\t\n\t\t\t\t\t\t\t<div\n\t\t\t\t\tclass=\"last-webinar-block__description lede-text\"><div class=\"article-header-block__description lede-text\">Ponte al d\u00eda con las conversaciones recientes con expertos sobre enfermedades respiratorias infecciosas, vacunas y tratamientos.<\/div>\n<\/div>\n\t\t\t\t\t\t<div style=\"padding:56.25% 0 0 0;position:relative;\"><iframe data-src=\"https:\/\/player.vimeo.com\/video\/1019900978?badge=0&amp;autopause=0&amp;player_id=0&amp;app_id=58479\" frameborder=\"0\" allow=\"autoplay; fullscreen; picture-in-picture; clipboard-write\" style=\"position:absolute;top:0;left:0;width:100%;height:100%;\" title=\"Supporting Equitable Access to Respiratory Vaccines: Best Practices and Implementation of Risk-Based Recommendations\" src=\"data:image\/svg+xml;base64,PHN2ZyB3aWR0aD0iMSIgaGVpZ2h0PSIxIiB4bWxucz0iaHR0cDovL3d3dy53My5vcmcvMjAwMC9zdmciPjwvc3ZnPg==\" class=\"lazyload\" data-load-mode=\"1\"><\/iframe><\/div><script src=\"https:\/\/player.vimeo.com\/api\/player.js\"><\/script>\n\t\t\t\t\t\t\t<div class=\"last-webinar-block__button\">\n\t\t\t\t\t<a href=\"https:\/\/cveep.org\/es\/resource-hub\/?_content_type=webinars\"\n\t\t\t\t\t   class=\"button\"\n\t\t\t\t\t   target=\"_self\">Ver todos los seminarios web pasados<\/a>\n\t\t\t\t<\/div>\n\t\t\t\n\t\t<\/div>\n\t<\/div>\n<\/div>\n","protected":false},"excerpt":{"rendered":"","protected":false},"author":11,"featured_media":2433,"parent":0,"menu_order":0,"comment_status":"closed","ping_status":"closed","template":"","meta":{"_acf_changed":false,"inline_featured_image":false,"footnotes":""},"class_list":["post-5064","page","type-page","status-publish","has-post-thumbnail","hentry"],"acf":[],"yoast_head":"<!-- This site is optimized with the Yoast SEO plugin v27.2 - https:\/\/yoast.com\/product\/yoast-seo-wordpress\/ -->\n<title>Eventos - CVEEP<\/title>\n<meta name=\"description\" content=\"Asiste a los pr\u00f3ximos seminarios web o ponte al d\u00eda con los recientes paneles de expertos para informarte sobre enfermedades respiratorias infecciosas, vacunas, pruebas y tratamientos.\" \/>\n<meta name=\"robots\" content=\"index, follow, max-snippet:-1, max-image-preview:large, max-video-preview:-1\" \/>\n<link rel=\"canonical\" href=\"https:\/\/cveep.org\/es\/events\/\" \/>\n<meta property=\"og:locale\" content=\"es_ES\" \/>\n<meta property=\"og:type\" content=\"article\" \/>\n<meta property=\"og:title\" content=\"Eventos - CVEEP\" \/>\n<meta property=\"og:description\" content=\"Asiste a los pr\u00f3ximos seminarios web o ponte al d\u00eda con los recientes paneles de expertos para informarte sobre enfermedades respiratorias infecciosas, vacunas, pruebas y tratamientos.\" \/>\n<meta property=\"og:url\" content=\"https:\/\/cveep.org\/es\/events\/\" \/>\n<meta property=\"og:site_name\" content=\"CVEEP\" \/>\n<meta property=\"article:modified_time\" content=\"2025-05-06T15:33:43+00:00\" \/>\n<meta property=\"og:image\" content=\"https:\/\/cveep.org\/wp-content\/uploads\/2024\/09\/shutterstock_2493453071-scaled.jpg\" \/>\n\t<meta property=\"og:image:width\" content=\"2560\" \/>\n\t<meta property=\"og:image:height\" content=\"1630\" \/>\n\t<meta property=\"og:image:type\" content=\"image\/jpeg\" \/>\n<meta name=\"twitter:card\" content=\"summary_large_image\" \/>\n<meta name=\"twitter:label1\" content=\"Est. reading time\" \/>\n\t<meta name=\"twitter:data1\" content=\"1 minuto\" \/>\n<script type=\"application\/ld+json\" class=\"yoast-schema-graph\">{\"@context\":\"https:\/\/schema.org\",\"@graph\":[{\"@type\":\"WebPage\",\"@id\":\"https:\/\/cveep.org\/es\/events\/\",\"url\":\"https:\/\/cveep.org\/es\/events\/\",\"name\":\"Eventos - CVEEP\",\"isPartOf\":{\"@id\":\"https:\/\/cveep.org\/#website\"},\"primaryImageOfPage\":{\"@id\":\"https:\/\/cveep.org\/es\/events\/#primaryimage\"},\"image\":{\"@id\":\"https:\/\/cveep.org\/es\/events\/#primaryimage\"},\"thumbnailUrl\":\"https:\/\/cveep.org\/wp-content\/uploads\/2024\/09\/shutterstock_2493453071-scaled.jpg\",\"datePublished\":\"2024-10-03T16:00:29+00:00\",\"dateModified\":\"2025-05-06T15:33:43+00:00\",\"description\":\"Asiste a los pr\u00f3ximos seminarios web o ponte al d\u00eda con los recientes paneles de expertos para informarte sobre enfermedades respiratorias infecciosas, vacunas, pruebas y tratamientos.\",\"inLanguage\":\"es\",\"potentialAction\":[{\"@type\":\"ReadAction\",\"target\":[\"https:\/\/cveep.org\/es\/events\/\"]}]},{\"@type\":\"ImageObject\",\"inLanguage\":\"es\",\"@id\":\"https:\/\/cveep.org\/es\/events\/#primaryimage\",\"url\":\"https:\/\/cveep.org\/wp-content\/uploads\/2024\/09\/shutterstock_2493453071-scaled.jpg\",\"contentUrl\":\"https:\/\/cveep.org\/wp-content\/uploads\/2024\/09\/shutterstock_2493453071-scaled.jpg\",\"width\":2560,\"height\":1630},{\"@type\":\"WebSite\",\"@id\":\"https:\/\/cveep.org\/#website\",\"url\":\"https:\/\/cveep.org\/\",\"name\":\"CVEEP\",\"description\":\"\",\"potentialAction\":[{\"@type\":\"SearchAction\",\"target\":{\"@type\":\"EntryPoint\",\"urlTemplate\":\"https:\/\/cveep.org\/?s={search_term_string}\"},\"query-input\":{\"@type\":\"PropertyValueSpecification\",\"valueRequired\":true,\"valueName\":\"search_term_string\"}}],\"inLanguage\":\"es\"}]}<\/script>\n<!-- \/ Yoast SEO plugin. -->","yoast_head_json":{"title":"Eventos - CVEEP","description":"Asiste a los pr\u00f3ximos seminarios web o ponte al d\u00eda con los recientes paneles de expertos para informarte sobre enfermedades respiratorias infecciosas, vacunas, pruebas y tratamientos.","robots":{"index":"index","follow":"follow","max-snippet":"max-snippet:-1","max-image-preview":"max-image-preview:large","max-video-preview":"max-video-preview:-1"},"canonical":"https:\/\/cveep.org\/es\/events\/","og_locale":"es_ES","og_type":"article","og_title":"Eventos - CVEEP","og_description":"Asiste a los pr\u00f3ximos seminarios web o ponte al d\u00eda con los recientes paneles de expertos para informarte sobre enfermedades respiratorias infecciosas, vacunas, pruebas y tratamientos.","og_url":"https:\/\/cveep.org\/es\/events\/","og_site_name":"CVEEP","article_modified_time":"2025-05-06T15:33:43+00:00","og_image":[{"width":2560,"height":1630,"url":"https:\/\/cveep.org\/wp-content\/uploads\/2024\/09\/shutterstock_2493453071-scaled.jpg","type":"image\/jpeg"}],"twitter_card":"summary_large_image","twitter_misc":{"Est. reading time":"1 minuto"},"schema":{"@context":"https:\/\/schema.org","@graph":[{"@type":"WebPage","@id":"https:\/\/cveep.org\/es\/events\/","url":"https:\/\/cveep.org\/es\/events\/","name":"Eventos - CVEEP","isPartOf":{"@id":"https:\/\/cveep.org\/#website"},"primaryImageOfPage":{"@id":"https:\/\/cveep.org\/es\/events\/#primaryimage"},"image":{"@id":"https:\/\/cveep.org\/es\/events\/#primaryimage"},"thumbnailUrl":"https:\/\/cveep.org\/wp-content\/uploads\/2024\/09\/shutterstock_2493453071-scaled.jpg","datePublished":"2024-10-03T16:00:29+00:00","dateModified":"2025-05-06T15:33:43+00:00","description":"Asiste a los pr\u00f3ximos seminarios web o ponte al d\u00eda con los recientes paneles de expertos para informarte sobre enfermedades respiratorias infecciosas, vacunas, pruebas y tratamientos.","inLanguage":"es","potentialAction":[{"@type":"ReadAction","target":["https:\/\/cveep.org\/es\/events\/"]}]},{"@type":"ImageObject","inLanguage":"es","@id":"https:\/\/cveep.org\/es\/events\/#primaryimage","url":"https:\/\/cveep.org\/wp-content\/uploads\/2024\/09\/shutterstock_2493453071-scaled.jpg","contentUrl":"https:\/\/cveep.org\/wp-content\/uploads\/2024\/09\/shutterstock_2493453071-scaled.jpg","width":2560,"height":1630},{"@type":"WebSite","@id":"https:\/\/cveep.org\/#website","url":"https:\/\/cveep.org\/","name":"CVEEP","description":"","potentialAction":[{"@type":"SearchAction","target":{"@type":"EntryPoint","urlTemplate":"https:\/\/cveep.org\/?s={search_term_string}"},"query-input":{"@type":"PropertyValueSpecification","valueRequired":true,"valueName":"search_term_string"}}],"inLanguage":"es"}]}},"_links":{"self":[{"href":"https:\/\/cveep.org\/es\/wp-json\/wp\/v2\/pages\/5064","targetHints":{"allow":["GET"]}}],"collection":[{"href":"https:\/\/cveep.org\/es\/wp-json\/wp\/v2\/pages"}],"about":[{"href":"https:\/\/cveep.org\/es\/wp-json\/wp\/v2\/types\/page"}],"author":[{"embeddable":true,"href":"https:\/\/cveep.org\/es\/wp-json\/wp\/v2\/users\/11"}],"replies":[{"embeddable":true,"href":"https:\/\/cveep.org\/es\/wp-json\/wp\/v2\/comments?post=5064"}],"version-history":[{"count":0,"href":"https:\/\/cveep.org\/es\/wp-json\/wp\/v2\/pages\/5064\/revisions"}],"wp:featuredmedia":[{"embeddable":true,"href":"https:\/\/cveep.org\/es\/wp-json\/wp\/v2\/media\/2433"}],"wp:attachment":[{"href":"https:\/\/cveep.org\/es\/wp-json\/wp\/v2\/media?parent=5064"}],"curies":[{"name":"wp","href":"https:\/\/api.w.org\/{rel}","templated":true}]}}