{"id":5065,"date":"2024-09-12T15:47:29","date_gmt":"2024-09-12T15:47:29","guid":{"rendered":"https:\/\/covid19vaccine.local\/get-involved\/"},"modified":"2025-05-06T15:32:24","modified_gmt":"2025-05-06T15:32:24","slug":"get-involved","status":"publish","type":"page","link":"https:\/\/cveep.org\/es\/get-involved\/","title":{"rendered":"Invol\u00facrate"},"content":{"rendered":"\n<div class=\"block-underlay \">\n\t<div  class=\"hero-block hero-block--image lazyload\" style=\"background-image:inherit;\" data-bg-image=\"linear-gradient(47deg, rgba(8, 12, 53, 0.96) 5.03%, rgba(24, 34, 155, 0.40) 74.87%), url(https:\/\/cveep.org\/wp-content\/uploads\/2024\/08\/iStock-1138111342-2048x1103.jpg)\">\n\t\t<div class=\"container\">\n\t\t\t<div class=\"hero-block__container\">\n\t\t\t\t\n\t\t\t\t\t\t\t\t\t<div class=\"hero-block__title\">\n\t\t\t\t\t\t<h1>Invol\u00facrate<\/h1>\n\t\t\t\t\t<\/div>\n\t\t\t\t\n\n\t\t\t\t\t\t\t\t\t<div class=\"hero-block__description lede-text\">\n\t\t\t\t\t\tAsiste a un evento dirigido por expertos, obt\u00e9n m\u00e1s informaci\u00f3n sobre c\u00f3mo convertirte en socio de los CVEEP o comun\u00edcate con nosotros si tienes alguna pregunta. \t\t\t\t\t<\/div>\n\t\t\t\t\t\t\t<\/div>\n\t\t<\/div>\n\t<\/div>\n<\/div>\n\n\n<div \tclass=\"text-and-media-block image--right \">\n\t<div class=\"text-and-media-block__container container\">\n\t\t<div class=\"text-and-media-block__col\">\n\t\t\t\n\t\t\t\t\t\t\t<h2 class=\"text-and-media-block__title\">Convi\u00e9rtete en socio<\/h2>\n\t\t\t\n\t\t\t\t\t\t\t<div\n\t\t\t\t\tclass=\"text-and-media-block__subtitle lede-text\">\u00danete a los esfuerzos de los CVEEP.<\/div>\n\t\t\t\n\t\t\t\t\t\t\t<div class=\"text-and-media-block__description\"><p><span class=\"TextRun SCXW98869998 BCX0\" lang=\"ES-ES\" xml:lang=\"ES-ES\" data-contrast=\"auto\"><span class=\"NormalTextRun SCXW98869998 BCX0\">Los CVEEP agradecen a las organizaciones adicionales interesadas en <\/span><span class=\"NormalTextRun SCXW98869998 BCX0\">tra<\/span><span class=\"NormalTextRun SCXW98869998 BCX0\">bajar juntas para promover la educaci\u00f3n y la equidad en las vacunas y los <\/span><span class=\"NormalTextRun SCXW98869998 BCX0\">tra<\/span><span class=\"NormalTextRun SCXW98869998 BCX0\">t<\/span><span class=\"NormalTextRun SCXW98869998 BCX0\">a<\/span><span class=\"NormalTextRun SCXW98869998 BCX0\">mien<\/span><span class=\"NormalTextRun SCXW98869998 BCX0\">t<\/span><span class=\"NormalTextRun SCXW98869998 BCX0\">o<\/span><span class=\"NormalTextRun SCXW98869998 BCX0\">s <\/span><span class=\"NormalTextRun SCXW98869998 BCX0\">respir<\/span><span class=\"NormalTextRun SCXW98869998 BCX0\">atorios infecciosos.<\/span><\/span><span class=\"EOP SCXW98869998 BCX0\" data-ccp-props=\"{}\">\u00a0<\/span><\/p>\n<\/div>\n\t\t\t\n\t\t\t\t\t\t\t<div class=\"text-and-media-block__button\">\n\t\t\t\t\t<a href=\"https:\/\/cveep.org\/es\/about\/become-a-partner\/\"\n\t\t\t\t\t   class=\"button\" target=\"_self\">Inf\u00f3rmate m\u00e1s<\/a>\n\t\t\t\t<\/div>\n\t\t\t\n\t\t<\/div>\n\n\t\t<div class=\"text-and-media-block__col\">\n\t\t\t\t\t\t\t<div class=\"text-and-media-block__image\">\n\t\t\t\t\t<img decoding=\"async\" data-src=\"https:\/\/cveep.org\/wp-content\/uploads\/2024\/08\/iStock-1425959371-sm-768x513.jpg\" alt=\"\" src=\"data:image\/svg+xml;base64,PHN2ZyB3aWR0aD0iMSIgaGVpZ2h0PSIxIiB4bWxucz0iaHR0cDovL3d3dy53My5vcmcvMjAwMC9zdmciPjwvc3ZnPg==\" class=\"lazyload\" style=\"--smush-placeholder-width: 768px; --smush-placeholder-aspect-ratio: 768\/513;\">\n\t\t\t\t<\/div>\n\t\t\t\t\t<\/div>\n\n\t<\/div>\n<\/div>\n\n\n<div \tclass=\"text-and-media-block image--left text-and-media-block--grey\">\n\t<div class=\"text-and-media-block__container container\">\n\t\t<div class=\"text-and-media-block__col\">\n\t\t\t\n\t\t\t\t\t\t\t<h2 class=\"text-and-media-block__title\">Cont\u00e1ctanos<\/h2>\n\t\t\t\n\t\t\t\t\t\t\t<div\n\t\t\t\t\tclass=\"text-and-media-block__subtitle lede-text\">Comun\u00edcate con el equipo de los CVEEP.<\/div>\n\t\t\t\n\t\t\t\t\t\t\t<div class=\"text-and-media-block__description\"><p><span class=\"TextRun SCXW87373711 BCX0\" lang=\"ES-ES\" xml:lang=\"ES-ES\" data-contrast=\"auto\"><span class=\"NormalTextRun SCXW87373711 BCX0\">\u00bfTienes preguntas, co<\/span><span class=\"NormalTextRun SCXW87373711 BCX0\">me<\/span><span class=\"NormalTextRun SCXW87373711 BCX0\">ntarios o sugerencias? Comun\u00edcate con nuestro equipo.<\/span><\/span><\/p>\n<\/div>\n\t\t\t\n\t\t\t\t\t\t\t<div class=\"text-and-media-block__button\">\n\t\t\t\t\t<a href=\"https:\/\/cveep.org\/es\/contact-us\/\"\n\t\t\t\t\t   class=\"button\" target=\"_self\">Comun\u00edcate aqu\u00ed<\/a>\n\t\t\t\t<\/div>\n\t\t\t\n\t\t<\/div>\n\n\t\t<div class=\"text-and-media-block__col\">\n\t\t\t\t\t\t\t<div class=\"text-and-media-block__image\">\n\t\t\t\t\t<img decoding=\"async\" data-src=\"https:\/\/cveep.org\/wp-content\/uploads\/2024\/08\/iStock-1070353210-2-768x512.jpg\" alt=\"\" src=\"data:image\/svg+xml;base64,PHN2ZyB3aWR0aD0iMSIgaGVpZ2h0PSIxIiB4bWxucz0iaHR0cDovL3d3dy53My5vcmcvMjAwMC9zdmciPjwvc3ZnPg==\" class=\"lazyload\" style=\"--smush-placeholder-width: 768px; --smush-placeholder-aspect-ratio: 768\/512;\">\n\t\t\t\t<\/div>\n\t\t\t\t\t<\/div>\n\n\t<\/div>\n<\/div>\n","protected":false},"excerpt":{"rendered":"","protected":false},"author":5,"featured_media":1121,"parent":0,"menu_order":0,"comment_status":"closed","ping_status":"closed","template":"","meta":{"_acf_changed":false,"inline_featured_image":false,"footnotes":""},"class_list":["post-5065","page","type-page","status-publish","has-post-thumbnail","hentry"],"acf":[],"yoast_head":"<!-- This site is optimized with the Yoast SEO plugin v27.2 - https:\/\/yoast.com\/product\/yoast-seo-wordpress\/ -->\n<title>Invol\u00facrate - CVEEP<\/title>\n<meta name=\"description\" content=\"Participa en seminarios web dirigidos por expertos, colabora y conecta con CVEEP para hacer preguntas o conseguir apoyo sobre temas de salud respiratoria.\" \/>\n<meta name=\"robots\" content=\"index, follow, max-snippet:-1, max-image-preview:large, max-video-preview:-1\" \/>\n<link rel=\"canonical\" href=\"https:\/\/cveep.org\/es\/get-involved\/\" \/>\n<meta property=\"og:locale\" content=\"es_ES\" \/>\n<meta property=\"og:type\" content=\"article\" \/>\n<meta property=\"og:title\" content=\"Invol\u00facrate - CVEEP\" \/>\n<meta property=\"og:description\" content=\"Participa en seminarios web dirigidos por expertos, colabora y conecta con CVEEP para hacer preguntas o conseguir apoyo sobre temas de salud respiratoria.\" \/>\n<meta property=\"og:url\" content=\"https:\/\/cveep.org\/es\/get-involved\/\" \/>\n<meta property=\"og:site_name\" content=\"CVEEP\" \/>\n<meta property=\"article:modified_time\" content=\"2025-05-06T15:32:24+00:00\" \/>\n<meta property=\"og:image\" content=\"https:\/\/cveep.org\/wp-content\/uploads\/2024\/08\/iStock-1138111342-scaled.jpg\" \/>\n\t<meta property=\"og:image:width\" content=\"2560\" \/>\n\t<meta property=\"og:image:height\" content=\"1379\" \/>\n\t<meta property=\"og:image:type\" content=\"image\/jpeg\" \/>\n<meta name=\"twitter:card\" content=\"summary_large_image\" \/>\n<meta name=\"twitter:label1\" content=\"Est. reading time\" \/>\n\t<meta name=\"twitter:data1\" content=\"1 minuto\" \/>\n<script type=\"application\/ld+json\" class=\"yoast-schema-graph\">{\"@context\":\"https:\/\/schema.org\",\"@graph\":[{\"@type\":\"WebPage\",\"@id\":\"https:\/\/cveep.org\/es\/get-involved\/\",\"url\":\"https:\/\/cveep.org\/es\/get-involved\/\",\"name\":\"Invol\u00facrate - CVEEP\",\"isPartOf\":{\"@id\":\"https:\/\/cveep.org\/#website\"},\"primaryImageOfPage\":{\"@id\":\"https:\/\/cveep.org\/es\/get-involved\/#primaryimage\"},\"image\":{\"@id\":\"https:\/\/cveep.org\/es\/get-involved\/#primaryimage\"},\"thumbnailUrl\":\"https:\/\/cveep.org\/wp-content\/uploads\/2024\/08\/iStock-1138111342-scaled.jpg\",\"datePublished\":\"2024-09-12T15:47:29+00:00\",\"dateModified\":\"2025-05-06T15:32:24+00:00\",\"description\":\"Participa en seminarios web dirigidos por expertos, colabora y conecta con CVEEP para hacer preguntas o conseguir apoyo sobre temas de salud respiratoria.\",\"inLanguage\":\"es\",\"potentialAction\":[{\"@type\":\"ReadAction\",\"target\":[\"https:\/\/cveep.org\/es\/get-involved\/\"]}]},{\"@type\":\"ImageObject\",\"inLanguage\":\"es\",\"@id\":\"https:\/\/cveep.org\/es\/get-involved\/#primaryimage\",\"url\":\"https:\/\/cveep.org\/wp-content\/uploads\/2024\/08\/iStock-1138111342-scaled.jpg\",\"contentUrl\":\"https:\/\/cveep.org\/wp-content\/uploads\/2024\/08\/iStock-1138111342-scaled.jpg\",\"width\":2560,\"height\":1379,\"caption\":\"Shot of an adorable little girl playing with her grandparents at the park\"},{\"@type\":\"WebSite\",\"@id\":\"https:\/\/cveep.org\/#website\",\"url\":\"https:\/\/cveep.org\/\",\"name\":\"CVEEP\",\"description\":\"\",\"potentialAction\":[{\"@type\":\"SearchAction\",\"target\":{\"@type\":\"EntryPoint\",\"urlTemplate\":\"https:\/\/cveep.org\/?s={search_term_string}\"},\"query-input\":{\"@type\":\"PropertyValueSpecification\",\"valueRequired\":true,\"valueName\":\"search_term_string\"}}],\"inLanguage\":\"es\"}]}<\/script>\n<!-- \/ Yoast SEO plugin. -->","yoast_head_json":{"title":"Invol\u00facrate - CVEEP","description":"Participa en seminarios web dirigidos por expertos, colabora y conecta con CVEEP para hacer preguntas o conseguir apoyo sobre temas de salud respiratoria.","robots":{"index":"index","follow":"follow","max-snippet":"max-snippet:-1","max-image-preview":"max-image-preview:large","max-video-preview":"max-video-preview:-1"},"canonical":"https:\/\/cveep.org\/es\/get-involved\/","og_locale":"es_ES","og_type":"article","og_title":"Invol\u00facrate - CVEEP","og_description":"Participa en seminarios web dirigidos por expertos, colabora y conecta con CVEEP para hacer preguntas o conseguir apoyo sobre temas de salud respiratoria.","og_url":"https:\/\/cveep.org\/es\/get-involved\/","og_site_name":"CVEEP","article_modified_time":"2025-05-06T15:32:24+00:00","og_image":[{"width":2560,"height":1379,"url":"https:\/\/cveep.org\/wp-content\/uploads\/2024\/08\/iStock-1138111342-scaled.jpg","type":"image\/jpeg"}],"twitter_card":"summary_large_image","twitter_misc":{"Est. reading time":"1 minuto"},"schema":{"@context":"https:\/\/schema.org","@graph":[{"@type":"WebPage","@id":"https:\/\/cveep.org\/es\/get-involved\/","url":"https:\/\/cveep.org\/es\/get-involved\/","name":"Invol\u00facrate - CVEEP","isPartOf":{"@id":"https:\/\/cveep.org\/#website"},"primaryImageOfPage":{"@id":"https:\/\/cveep.org\/es\/get-involved\/#primaryimage"},"image":{"@id":"https:\/\/cveep.org\/es\/get-involved\/#primaryimage"},"thumbnailUrl":"https:\/\/cveep.org\/wp-content\/uploads\/2024\/08\/iStock-1138111342-scaled.jpg","datePublished":"2024-09-12T15:47:29+00:00","dateModified":"2025-05-06T15:32:24+00:00","description":"Participa en seminarios web dirigidos por expertos, colabora y conecta con CVEEP para hacer preguntas o conseguir apoyo sobre temas de salud respiratoria.","inLanguage":"es","potentialAction":[{"@type":"ReadAction","target":["https:\/\/cveep.org\/es\/get-involved\/"]}]},{"@type":"ImageObject","inLanguage":"es","@id":"https:\/\/cveep.org\/es\/get-involved\/#primaryimage","url":"https:\/\/cveep.org\/wp-content\/uploads\/2024\/08\/iStock-1138111342-scaled.jpg","contentUrl":"https:\/\/cveep.org\/wp-content\/uploads\/2024\/08\/iStock-1138111342-scaled.jpg","width":2560,"height":1379,"caption":"Shot of an adorable little girl playing with her grandparents at the park"},{"@type":"WebSite","@id":"https:\/\/cveep.org\/#website","url":"https:\/\/cveep.org\/","name":"CVEEP","description":"","potentialAction":[{"@type":"SearchAction","target":{"@type":"EntryPoint","urlTemplate":"https:\/\/cveep.org\/?s={search_term_string}"},"query-input":{"@type":"PropertyValueSpecification","valueRequired":true,"valueName":"search_term_string"}}],"inLanguage":"es"}]}},"_links":{"self":[{"href":"https:\/\/cveep.org\/es\/wp-json\/wp\/v2\/pages\/5065","targetHints":{"allow":["GET"]}}],"collection":[{"href":"https:\/\/cveep.org\/es\/wp-json\/wp\/v2\/pages"}],"about":[{"href":"https:\/\/cveep.org\/es\/wp-json\/wp\/v2\/types\/page"}],"author":[{"embeddable":true,"href":"https:\/\/cveep.org\/es\/wp-json\/wp\/v2\/users\/5"}],"replies":[{"embeddable":true,"href":"https:\/\/cveep.org\/es\/wp-json\/wp\/v2\/comments?post=5065"}],"version-history":[{"count":0,"href":"https:\/\/cveep.org\/es\/wp-json\/wp\/v2\/pages\/5065\/revisions"}],"wp:featuredmedia":[{"embeddable":true,"href":"https:\/\/cveep.org\/es\/wp-json\/wp\/v2\/media\/1121"}],"wp:attachment":[{"href":"https:\/\/cveep.org\/es\/wp-json\/wp\/v2\/media?parent=5065"}],"curies":[{"name":"wp","href":"https:\/\/api.w.org\/{rel}","templated":true}]}}