{"id":5079,"date":"2024-08-07T07:55:09","date_gmt":"2024-08-07T07:55:09","guid":{"rendered":"https:\/\/covid19vaccine.local\/respiratory-diseases\/"},"modified":"2025-05-06T15:26:16","modified_gmt":"2025-05-06T15:26:16","slug":"respiratory-diseases","status":"publish","type":"page","link":"https:\/\/cveep.org\/es\/respiratory-diseases\/","title":{"rendered":"Enfermedades respiratorias infecciosas"},"content":{"rendered":"\n<div class=\"block-underlay  block-underlay--white\">\n\t<div  class=\"hero-block hero-block--image lazyload\" style=\"background-image:inherit;\" data-bg-image=\"linear-gradient(47deg, rgba(8, 12, 53, 0.96) 5.03%, rgba(24, 34, 155, 0.40) 74.87%), url(https:\/\/cveep.org\/wp-content\/uploads\/2024\/08\/iStock-1535571090-1.jpg)\">\n\t\t<div class=\"container\">\n\t\t\t<div class=\"hero-block__container\">\n\t\t\t\t\n\t\t\t\t\t\t\t\t\t<div class=\"hero-block__title\">\n\t\t\t\t\t\t<h1>Enfermedades respiratorias infecciosas<\/h1>\n\t\t\t\t\t<\/div>\n\t\t\t\t\n\n\t\t\t\t\t\t\t\t\t<div class=\"hero-block__description lede-text\">\n\t\t\t\t\t\tObt\u00e9n m\u00e1s informaci\u00f3n sobre las enfermedades respiratorias infecciosas frecuentes y c\u00f3mo puedes protegerte y proteger a tus seres queridos contra enfermedades graves.\t\t\t\t\t<\/div>\n\t\t\t\t\t\t\t<\/div>\n\t\t<\/div>\n\t<\/div>\n<\/div>\n\n\n<div  class=\"text-block \">\n\t<div class=\"text-block__container container\">\n\t\t<div class=\"text-block__column\">\n\t\t\t\t\t\t\t<div class=\"text-block__title\">\n\t\t\t\t\t<h2>Las enfermedades respiratorias infecciosas representan un riesgo para nuestra salud.<\/h2>\n\t\t\t\t<\/div>\n\t\t\t\t\t<\/div>\n\t\t<div class=\"text-block__column\">\n\t\t\t\t\t\t\t<div class=\"text-block__subtitle lede-text\">\n\t\t\t\t\tYa sea por el COVID-19, la influenza (gripe), la tosferina (tos convulsa), la enfermedad neumoc\u00f3cica o el virus respiratorio sincicial (VRS), las enfermedades respiratorias infecciosas pueden causar enfermedades graves y, a veces, potencialmente mortales, especialmente en el caso de las personas con factores de riesgo de enfermedades graves.\t\t\t\t<\/div>\n\t\t\t\n\t\t\t\t\t\t\t<div class=\"text-block__description\">\n\t\t\t\t\t<div><p aria-level=\"2\"><span class=\"NormalTextRun SCXW79968754 BCX0\">Estas enfermedades respiratorias se propagan de una persona a otra y pueden causar infecciones graves, empeorar las afecciones respiratorias preexistentes y provocar efectos secundarios a corto y largo plazo, y casi todo el mundo est\u00e1 en riesgo. Los Centros para el Control y la Prevenci\u00f3n de Enfermedades (Centers <\/span><span class=\"NormalTextRun SpellingErrorV2Themed SCXW79968754 BCX0\">for<\/span> <span class=\"NormalTextRun SpellingErrorV2Themed SCXW79968754 BCX0\">Disease<\/span><span class=\"NormalTextRun SCXW79968754 BCX0\"> Control and <\/span><span class=\"NormalTextRun SpellingErrorV2Themed SCXW79968754 BCX0\">Prevention<\/span><span class=\"NormalTextRun SCXW79968754 BCX0\">, CDC) recomiendan distintas inmunizaciones para proporcionar protecci\u00f3n, aumentar nuestras defensas y limitar la gravedad, la propagaci\u00f3n y la amenaza de enfermedades respiratorias infecciosas.<\/span><\/p>\n<\/div>\n\t\t\t\t<\/div>\n\t\t\t\n\t\t\t\t\t\t\t<div class=\"text-block__button\">\n\t\t\t\t\t<a href=\"https:\/\/cveep.org\/es\/vaccines\/guidelines-recommendations\/\" class=\"button\">Obt\u00e9n m\u00e1s informaci\u00f3n sobre las pautas y recomendaciones m\u00e1s recientes sobre vacunas<\/a>\n\t\t\t\t<\/div>\n\t\t\t\t\t<\/div>\n\t<\/div>\n<\/div>\n\n\n\n<div  class=\"respiratory-diseases-block lazyload\" style=\"background-image:inherit;\" data-bg-image=\"linear-gradient(94deg, rgba(24, 34, 155, 0.54) 0%, rgba(8, 12, 53, 0.96) 111.73%), url(https:\/\/cveep.org\/wp-content\/uploads\/2024\/08\/iStock-1535571090-1.jpg)\">\n\t<div class=\"respiratory-diseases-block__container container\">\n\t\t\t\t\t<div class=\"respiratory-diseases-block__title\">\n\t\t\t\t<h2>Enfermedades respiratorias infecciosas<\/h2>\n\t\t\t<\/div>\n\t\t\t\t\t\t\t<div class=\"respiratory-diseases-block__description lede-text\">\n\t\t\t\tObt\u00e9n m\u00e1s informaci\u00f3n sobre las enfermedades respiratorias infecciosas frecuentes y c\u00f3mo puedes protegerte y proteger a tus seres queridos contra enfermedades graves.\t\t\t<\/div>\n\t\t\t\t<div class=\"respiratory-diseases-block__content\">\n\n\t\t\t<div class=\"respiratory-diseases-block__posts\">\n\t\t\t\t\t\t\t\t\t<a href=\"https:\/\/cveep.org\/es\/respiratory-disease\/pneumococcal\/\" class=\"respiratory-diseases-block__post\">\n\t\t\t\t\t\t<h5 class=\"respiratory-diseases-block__post-title\">Enfermedad neumoc\u00f3cica<\/h5>\n\t\t\t\t\t\t<span class=\"respiratory-diseases-block__post-link\"> Inf\u00f3rmate M\u00e1s<\/span>\n\t\t\t\t\t<\/a>\n\t\t\t\t\t\t\t\t\t<a href=\"https:\/\/cveep.org\/es\/respiratory-disease\/rsv\/\" class=\"respiratory-diseases-block__post\">\n\t\t\t\t\t\t<h5 class=\"respiratory-diseases-block__post-title\">Virus respiratorio sincitial (VRS)<\/h5>\n\t\t\t\t\t\t<span class=\"respiratory-diseases-block__post-link\"> Inf\u00f3rmate M\u00e1s<\/span>\n\t\t\t\t\t<\/a>\n\t\t\t\t\t\t\t\t\t<a href=\"https:\/\/cveep.org\/es\/respiratory-disease\/pertussis\/\" class=\"respiratory-diseases-block__post\">\n\t\t\t\t\t\t<h5 class=\"respiratory-diseases-block__post-title\">Tosferina (Tos convulsa)<\/h5>\n\t\t\t\t\t\t<span class=\"respiratory-diseases-block__post-link\"> Inf\u00f3rmate M\u00e1s<\/span>\n\t\t\t\t\t<\/a>\n\t\t\t\t\t\t\t\t\t<a href=\"https:\/\/cveep.org\/es\/respiratory-disease\/flu\/\" class=\"respiratory-diseases-block__post\">\n\t\t\t\t\t\t<h5 class=\"respiratory-diseases-block__post-title\">Influenza (Gripe)<\/h5>\n\t\t\t\t\t\t<span class=\"respiratory-diseases-block__post-link\"> Inf\u00f3rmate M\u00e1s<\/span>\n\t\t\t\t\t<\/a>\n\t\t\t\t\t\t\t\t\t<a href=\"https:\/\/cveep.org\/es\/respiratory-disease\/covid-19\/\" class=\"respiratory-diseases-block__post\">\n\t\t\t\t\t\t<h5 class=\"respiratory-diseases-block__post-title\">COVID-19<\/h5>\n\t\t\t\t\t\t<span class=\"respiratory-diseases-block__post-link\"> Inf\u00f3rmate M\u00e1s<\/span>\n\t\t\t\t\t<\/a>\n\t\t\t\t\t\t\t<\/div>\n\n\t\t<\/div>\n\t<\/div>\n<\/div>\n\n\n<div \tclass=\"text-and-media-block image--right text-and-media-block--grey\">\n\t<div class=\"text-and-media-block__container container\">\n\t\t<div class=\"text-and-media-block__col\">\n\t\t\t\n\t\t\t\t\t\t\t<h2 class=\"text-and-media-block__title\">Vacunas<\/h2>\n\t\t\t\n\t\t\t\t\t\t\t<div\n\t\t\t\t\tclass=\"text-and-media-block__subtitle lede-text\">Las enfermedades respiratorias infecciosas pueden causar enfermedades graves y, a veces, potencialmente mortales.<\/div>\n\t\t\t\n\t\t\t\t\t\t\t<div class=\"text-and-media-block__description\"><div class=\"text-and-media-block__description\">\n<p><span class=\"NormalTextRun SCXW261249165 BCX0\">Mantener<\/span><span class=\"NormalTextRun SCXW261249165 BCX0\">s<\/span><span class=\"NormalTextRun SCXW261249165 BCX0\">e a<\/span><span class=\"NormalTextRun SCXW261249165 BCX0\">l <\/span><span class=\"NormalTextRun SCXW261249165 BCX0\">d\u00eda<\/span><span class=\"NormalTextRun SCXW261249165 BCX0\"> con las vacunas recomendadas es la mejor manera de ayudar a evitar enfermedades graves, hospitalizaciones y muertes.<\/span><\/p>\n<\/div>\n<\/div>\n\t\t\t\n\t\t\t\t\t\t\t<div class=\"text-and-media-block__button\">\n\t\t\t\t\t<a href=\"\/es\/vaccines\/\"\n\t\t\t\t\t   class=\"button\" target=\"_self\">Inf\u00f3rmate M\u00e1s<\/a>\n\t\t\t\t<\/div>\n\t\t\t\n\t\t<\/div>\n\n\t\t<div class=\"text-and-media-block__col\">\n\t\t\t\t\t\t\t<div class=\"text-and-media-block__image\">\n\t\t\t\t\t<img decoding=\"async\" data-src=\"https:\/\/cveep.org\/wp-content\/uploads\/2024\/08\/iStock-1511465856-1-768x512.jpg\" alt=\"\" src=\"data:image\/svg+xml;base64,PHN2ZyB3aWR0aD0iMSIgaGVpZ2h0PSIxIiB4bWxucz0iaHR0cDovL3d3dy53My5vcmcvMjAwMC9zdmciPjwvc3ZnPg==\" class=\"lazyload\" style=\"--smush-placeholder-width: 768px; --smush-placeholder-aspect-ratio: 768\/512;\">\n\t\t\t\t<\/div>\n\t\t\t\t\t<\/div>\n\n\t<\/div>\n<\/div>\n\n\n<div \tclass=\"text-and-media-block image--left \">\n\t<div class=\"text-and-media-block__container container\">\n\t\t<div class=\"text-and-media-block__col\">\n\t\t\t\n\t\t\t\t\t\t\t<h2 class=\"text-and-media-block__title\">Tratamientos<\/h2>\n\t\t\t\n\t\t\t\t\t\t\t<div\n\t\t\t\t\tclass=\"text-and-media-block__subtitle lede-text\">Hay tratamientos disponibles para algunas enfermedades respiratorias infecciosas que ayudan a reducir la gravedad de los s\u00edntomas y a prevenir resultados graves, especialmente entre las personas m\u00e1s vulnerables a enfermedades.<\/div>\n\t\t\t\n\t\t\t\t\t\t\t<div class=\"text-and-media-block__description\"><p><span class=\"TextRun SCXW135757375 BCX0\" lang=\"ES-ES\" xml:lang=\"ES-ES\" data-contrast=\"none\"><span class=\"NormalTextRun SCXW135757375 BCX0\">Obt\u00e9n m\u00e1s informaci\u00f3n sobre las opciones de tratamiento disponibles y los beneficios que ofrecen.<\/span><\/span><\/p>\n<\/div>\n\t\t\t\n\t\t\t\t\t\t\t<div class=\"text-and-media-block__button\">\n\t\t\t\t\t<a href=\"https:\/\/cveep.org\/es\/treatments\/\"\n\t\t\t\t\t   class=\"button\" target=\"_self\">Inf\u00f3rmate M\u00e1s<\/a>\n\t\t\t\t<\/div>\n\t\t\t\n\t\t<\/div>\n\n\t\t<div class=\"text-and-media-block__col\">\n\t\t\t\t\t\t\t<div class=\"text-and-media-block__image\">\n\t\t\t\t\t<img decoding=\"async\" data-src=\"https:\/\/cveep.org\/wp-content\/uploads\/2024\/08\/iStock-1432338987-768x512.jpg\" alt=\"\" src=\"data:image\/svg+xml;base64,PHN2ZyB3aWR0aD0iMSIgaGVpZ2h0PSIxIiB4bWxucz0iaHR0cDovL3d3dy53My5vcmcvMjAwMC9zdmciPjwvc3ZnPg==\" class=\"lazyload\" style=\"--smush-placeholder-width: 768px; --smush-placeholder-aspect-ratio: 768\/512;\">\n\t\t\t\t<\/div>\n\t\t\t\t\t<\/div>\n\n\t<\/div>\n<\/div>\n\n\n<div class=\"latest-resources-block__underlay\">\n\t<div class=\"latest-resources-block\">\n\t\t<div class=\"latest-resources-block__container container\">\n\t\t\t\t\t\t\t<h3 class=\"latest-resources-block__title\">Recursos m\u00e1s recientes<\/h3>\n\t\t\t\t\t\t\t\t\t\t<div class=\"latest-resources-block__resources\">\n\t\t\t\t\t\n<div class=\"archive-resources__item\">\n\t<a href=\"https:\/\/cveep.org\/es\/news\/dont-guess-the-virus-why-early-testing-and-treatment-matters\/\" class=\"archive-resources__item-absolute-link\"><\/a>\n\t\t\t<img decoding=\"async\" data-src=\"https:\/\/cveep.org\/wp-content\/uploads\/2026\/04\/When-to-Test-When-to-Treat-Spanish-768x432.jpg\" alt=\"No te quedes con la duda: por qu\u00e9 es importante hacerse las pruebas y empezar el tratamiento a tiempo\" src=\"data:image\/svg+xml;base64,PHN2ZyB3aWR0aD0iMSIgaGVpZ2h0PSIxIiB4bWxucz0iaHR0cDovL3d3dy53My5vcmcvMjAwMC9zdmciPjwvc3ZnPg==\" class=\"lazyload\" style=\"--smush-placeholder-width: 768px; --smush-placeholder-aspect-ratio: 768\/432;\">\n\t\n\t<div class=\"archive-resources__item-categories\"><strong>COVID-19<\/strong><span class=\"divider\"> | <\/span>Enfermedades respiratorias infecciosas<span class=\"divider\"> | <\/span>Influenza (gripe)<span class=\"divider\"> | <\/span>Tratamiento<span class=\"divider\"> | <\/span>VRS<\/div>\n\n\t<h5 class=\"archive-resources__item-title\">No te quedes con la duda: por qu\u00e9 es importante hacerse las pruebas y empezar el tratamiento a tiempo<\/h5>\n\t<!--<div class=\"archive-resources__item-description\"><\/div>-->\n\t<span class=\"archive-resources__item-link\">Inf\u00f3rmate M\u00e1s<\/span>\n<\/div>\n\n\n<div class=\"archive-resources__item\">\n\t<a href=\"https:\/\/cveep.org\/es\/news\/does-insurance-cover-pneumococcal-vaccines-for-adults-50\/\" class=\"archive-resources__item-absolute-link\"><\/a>\n\t\t\t<img decoding=\"async\" data-src=\"https:\/\/cveep.org\/wp-content\/uploads\/2026\/01\/Spanish-Insurance-1-768x432.png\" alt=\"\u00bfEl seguro cubre la vacunaci\u00f3n contra la enfermedad neumoc\u00f3cica en adultos de 50 a\u00f1os o m\u00e1s?\" src=\"data:image\/svg+xml;base64,PHN2ZyB3aWR0aD0iMSIgaGVpZ2h0PSIxIiB4bWxucz0iaHR0cDovL3d3dy53My5vcmcvMjAwMC9zdmciPjwvc3ZnPg==\" class=\"lazyload\" style=\"--smush-placeholder-width: 768px; --smush-placeholder-aspect-ratio: 768\/432;\">\n\t\n\t<div class=\"archive-resources__item-categories\"><strong>Vacunas<\/strong><span class=\"divider\"> | <\/span>Adultos mayores<span class=\"divider\"> | <\/span>Enfermedades respiratorias infecciosas<span class=\"divider\"> | <\/span>La enfermedad neumoc\u00f3cica<\/div>\n\n\t<h5 class=\"archive-resources__item-title\">\u00bfEl seguro cubre la vacunaci\u00f3n contra la enfermedad neumoc\u00f3cica en adultos de 50 a\u00f1os o m\u00e1s?<\/h5>\n\t<!--<div class=\"archive-resources__item-description\"><\/div>-->\n\t<span class=\"archive-resources__item-link\">Inf\u00f3rmate M\u00e1s<\/span>\n<\/div>\n\n\n<div class=\"archive-resources__item\">\n\t<a href=\"https:\/\/cveep.org\/es\/news\/pneumococcal-disease-risk-in-adults-ages-50\/\" class=\"archive-resources__item-absolute-link\"><\/a>\n\t\t\t<img decoding=\"async\" data-src=\"https:\/\/cveep.org\/wp-content\/uploads\/2026\/01\/Spanish-Burden-768x432.png\" alt=\"Riesgo de enfermedad neumoc\u00f3cica en adultos de 50 a\u00f1os o m\u00e1s\" src=\"data:image\/svg+xml;base64,PHN2ZyB3aWR0aD0iMSIgaGVpZ2h0PSIxIiB4bWxucz0iaHR0cDovL3d3dy53My5vcmcvMjAwMC9zdmciPjwvc3ZnPg==\" class=\"lazyload\" style=\"--smush-placeholder-width: 768px; --smush-placeholder-aspect-ratio: 768\/432;\">\n\t\n\t<div class=\"archive-resources__item-categories\"><strong>Vacunas<\/strong><span class=\"divider\"> | <\/span>Adultos mayores<span class=\"divider\"> | <\/span>Enfermedades respiratorias infecciosas<span class=\"divider\"> | <\/span>La enfermedad neumoc\u00f3cica<\/div>\n\n\t<h5 class=\"archive-resources__item-title\">Riesgo de enfermedad neumoc\u00f3cica en adultos de 50 a\u00f1os o m\u00e1s<\/h5>\n\t<!--<div class=\"archive-resources__item-description\"><\/div>-->\n\t<span class=\"archive-resources__item-link\">Inf\u00f3rmate M\u00e1s<\/span>\n<\/div>\n\n\t\t\t\t<\/div>\n\t\t\t\n\t\t\t\t\t\t\t<div class=\"latest-resources-block__button\">\n\t\t\t\t\t<a href=\"https:\/\/cveep.org\/es\/resources\/\"\n\t\t\t\t\t\t class=\"button\">Ver m\u00e1s recursos<\/a>\n\t\t\t\t<\/div>\n\t\t\t\t\t<\/div>\n\t<\/div>\n<\/div>\n","protected":false},"excerpt":{"rendered":"","protected":false},"author":11,"featured_media":33545,"parent":0,"menu_order":0,"comment_status":"closed","ping_status":"closed","template":"","meta":{"_acf_changed":false,"inline_featured_image":false,"footnotes":""},"class_list":["post-5079","page","type-page","status-publish","has-post-thumbnail","hentry"],"acf":[],"yoast_head":"<!-- This site is optimized with the Yoast SEO plugin v27.2 - https:\/\/yoast.com\/product\/yoast-seo-wordpress\/ -->\n<title>Enfermedades respiratorias infecciosas - CVEEP<\/title>\n<meta name=\"description\" content=\"Inf\u00f3rmate sobre enfermedades respiratorias infecciosas comunes y c\u00f3mo puedes protegerte a ti y a tus seres queridos de una enfermedad grave.\" \/>\n<meta name=\"robots\" content=\"index, follow, max-snippet:-1, max-image-preview:large, max-video-preview:-1\" \/>\n<link rel=\"canonical\" href=\"https:\/\/cveep.org\/es\/respiratory-diseases\/\" \/>\n<meta property=\"og:locale\" content=\"es_ES\" \/>\n<meta property=\"og:type\" content=\"article\" \/>\n<meta property=\"og:title\" content=\"Enfermedades respiratorias infecciosas - CVEEP\" \/>\n<meta property=\"og:description\" content=\"Inf\u00f3rmate sobre enfermedades respiratorias infecciosas comunes y c\u00f3mo puedes protegerte a ti y a tus seres queridos de una enfermedad grave.\" \/>\n<meta property=\"og:url\" content=\"https:\/\/cveep.org\/es\/respiratory-diseases\/\" \/>\n<meta property=\"og:site_name\" content=\"CVEEP\" \/>\n<meta property=\"article:modified_time\" content=\"2025-05-06T15:26:16+00:00\" \/>\n<meta property=\"og:image\" content=\"https:\/\/cveep.org\/wp-content\/uploads\/2024\/08\/iStock-1535571090-1-1024x683.jpg\" \/>\n\t<meta property=\"og:image:width\" content=\"1024\" \/>\n\t<meta property=\"og:image:height\" content=\"683\" \/>\n\t<meta property=\"og:image:type\" content=\"image\/jpeg\" \/>\n<meta name=\"twitter:card\" content=\"summary_large_image\" \/>\n<meta name=\"twitter:label1\" content=\"Est. reading time\" \/>\n\t<meta name=\"twitter:data1\" content=\"1 minuto\" \/>\n<script type=\"application\/ld+json\" class=\"yoast-schema-graph\">{\"@context\":\"https:\/\/schema.org\",\"@graph\":[{\"@type\":\"WebPage\",\"@id\":\"https:\/\/cveep.org\/es\/respiratory-diseases\/\",\"url\":\"https:\/\/cveep.org\/es\/respiratory-diseases\/\",\"name\":\"Enfermedades respiratorias infecciosas - CVEEP\",\"isPartOf\":{\"@id\":\"https:\/\/cveep.org\/#website\"},\"primaryImageOfPage\":{\"@id\":\"https:\/\/cveep.org\/es\/respiratory-diseases\/#primaryimage\"},\"image\":{\"@id\":\"https:\/\/cveep.org\/es\/respiratory-diseases\/#primaryimage\"},\"thumbnailUrl\":\"https:\/\/cveep.org\/wp-content\/uploads\/2026\/02\/Screenshot-2026-02-19-at-3.14.50-PM.png\",\"datePublished\":\"2024-08-07T07:55:09+00:00\",\"dateModified\":\"2025-05-06T15:26:16+00:00\",\"description\":\"Inf\u00f3rmate sobre enfermedades respiratorias infecciosas comunes y c\u00f3mo puedes protegerte a ti y a tus seres queridos de una enfermedad grave.\",\"inLanguage\":\"es\",\"potentialAction\":[{\"@type\":\"ReadAction\",\"target\":[\"https:\/\/cveep.org\/es\/respiratory-diseases\/\"]}]},{\"@type\":\"ImageObject\",\"inLanguage\":\"es\",\"@id\":\"https:\/\/cveep.org\/es\/respiratory-diseases\/#primaryimage\",\"url\":\"https:\/\/cveep.org\/wp-content\/uploads\/2026\/02\/Screenshot-2026-02-19-at-3.14.50-PM.png\",\"contentUrl\":\"https:\/\/cveep.org\/wp-content\/uploads\/2026\/02\/Screenshot-2026-02-19-at-3.14.50-PM.png\",\"width\":1872,\"height\":1092},{\"@type\":\"WebSite\",\"@id\":\"https:\/\/cveep.org\/#website\",\"url\":\"https:\/\/cveep.org\/\",\"name\":\"CVEEP\",\"description\":\"\",\"potentialAction\":[{\"@type\":\"SearchAction\",\"target\":{\"@type\":\"EntryPoint\",\"urlTemplate\":\"https:\/\/cveep.org\/?s={search_term_string}\"},\"query-input\":{\"@type\":\"PropertyValueSpecification\",\"valueRequired\":true,\"valueName\":\"search_term_string\"}}],\"inLanguage\":\"es\"}]}<\/script>\n<!-- \/ Yoast SEO plugin. -->","yoast_head_json":{"title":"Enfermedades respiratorias infecciosas - CVEEP","description":"Inf\u00f3rmate sobre enfermedades respiratorias infecciosas comunes y c\u00f3mo puedes protegerte a ti y a tus seres queridos de una enfermedad grave.","robots":{"index":"index","follow":"follow","max-snippet":"max-snippet:-1","max-image-preview":"max-image-preview:large","max-video-preview":"max-video-preview:-1"},"canonical":"https:\/\/cveep.org\/es\/respiratory-diseases\/","og_locale":"es_ES","og_type":"article","og_title":"Enfermedades respiratorias infecciosas - CVEEP","og_description":"Inf\u00f3rmate sobre enfermedades respiratorias infecciosas comunes y c\u00f3mo puedes protegerte a ti y a tus seres queridos de una enfermedad grave.","og_url":"https:\/\/cveep.org\/es\/respiratory-diseases\/","og_site_name":"CVEEP","article_modified_time":"2025-05-06T15:26:16+00:00","og_image":[{"width":1024,"height":683,"url":"https:\/\/cveep.org\/wp-content\/uploads\/2024\/08\/iStock-1535571090-1-1024x683.jpg","type":"image\/jpeg"}],"twitter_card":"summary_large_image","twitter_misc":{"Est. reading time":"1 minuto"},"schema":{"@context":"https:\/\/schema.org","@graph":[{"@type":"WebPage","@id":"https:\/\/cveep.org\/es\/respiratory-diseases\/","url":"https:\/\/cveep.org\/es\/respiratory-diseases\/","name":"Enfermedades respiratorias infecciosas - CVEEP","isPartOf":{"@id":"https:\/\/cveep.org\/#website"},"primaryImageOfPage":{"@id":"https:\/\/cveep.org\/es\/respiratory-diseases\/#primaryimage"},"image":{"@id":"https:\/\/cveep.org\/es\/respiratory-diseases\/#primaryimage"},"thumbnailUrl":"https:\/\/cveep.org\/wp-content\/uploads\/2026\/02\/Screenshot-2026-02-19-at-3.14.50-PM.png","datePublished":"2024-08-07T07:55:09+00:00","dateModified":"2025-05-06T15:26:16+00:00","description":"Inf\u00f3rmate sobre enfermedades respiratorias infecciosas comunes y c\u00f3mo puedes protegerte a ti y a tus seres queridos de una enfermedad grave.","inLanguage":"es","potentialAction":[{"@type":"ReadAction","target":["https:\/\/cveep.org\/es\/respiratory-diseases\/"]}]},{"@type":"ImageObject","inLanguage":"es","@id":"https:\/\/cveep.org\/es\/respiratory-diseases\/#primaryimage","url":"https:\/\/cveep.org\/wp-content\/uploads\/2026\/02\/Screenshot-2026-02-19-at-3.14.50-PM.png","contentUrl":"https:\/\/cveep.org\/wp-content\/uploads\/2026\/02\/Screenshot-2026-02-19-at-3.14.50-PM.png","width":1872,"height":1092},{"@type":"WebSite","@id":"https:\/\/cveep.org\/#website","url":"https:\/\/cveep.org\/","name":"CVEEP","description":"","potentialAction":[{"@type":"SearchAction","target":{"@type":"EntryPoint","urlTemplate":"https:\/\/cveep.org\/?s={search_term_string}"},"query-input":{"@type":"PropertyValueSpecification","valueRequired":true,"valueName":"search_term_string"}}],"inLanguage":"es"}]}},"_links":{"self":[{"href":"https:\/\/cveep.org\/es\/wp-json\/wp\/v2\/pages\/5079","targetHints":{"allow":["GET"]}}],"collection":[{"href":"https:\/\/cveep.org\/es\/wp-json\/wp\/v2\/pages"}],"about":[{"href":"https:\/\/cveep.org\/es\/wp-json\/wp\/v2\/types\/page"}],"author":[{"embeddable":true,"href":"https:\/\/cveep.org\/es\/wp-json\/wp\/v2\/users\/11"}],"replies":[{"embeddable":true,"href":"https:\/\/cveep.org\/es\/wp-json\/wp\/v2\/comments?post=5079"}],"version-history":[{"count":0,"href":"https:\/\/cveep.org\/es\/wp-json\/wp\/v2\/pages\/5079\/revisions"}],"wp:featuredmedia":[{"embeddable":true,"href":"https:\/\/cveep.org\/es\/wp-json\/wp\/v2\/media\/33545"}],"wp:attachment":[{"href":"https:\/\/cveep.org\/es\/wp-json\/wp\/v2\/media?parent=5079"}],"curies":[{"name":"wp","href":"https:\/\/api.w.org\/{rel}","templated":true}]}}