{"id":5080,"date":"2024-08-07T07:54:54","date_gmt":"2024-08-07T07:54:54","guid":{"rendered":"https:\/\/covid19vaccine.local\/vaccines\/"},"modified":"2025-10-10T21:50:19","modified_gmt":"2025-10-10T21:50:19","slug":"vaccines","status":"publish","type":"page","link":"https:\/\/cveep.org\/es\/vaccines\/","title":{"rendered":"Vacunas"},"content":{"rendered":"\n<div class=\"block-underlay \">\n\t<div  class=\"hero-block hero-block--image lazyload\" style=\"background-image:inherit;\" data-bg-image=\"linear-gradient(47deg, rgba(8, 12, 53, 0.96) 5.03%, rgba(24, 34, 155, 0.40) 74.87%), url(https:\/\/cveep.org\/wp-content\/uploads\/2024\/08\/iStock-1511465856-1.jpg)\">\n\t\t<div class=\"container\">\n\t\t\t<div class=\"hero-block__container\">\n\t\t\t\t\n\t\t\t\t\t\t\t\t\t<div class=\"hero-block__title\">\n\t\t\t\t\t\t<h1>Vacunas<\/h1>\n\t\t\t\t\t<\/div>\n\t\t\t\t\n\n\t\t\t\t\t\t\t\t\t<div class=\"hero-block__description lede-text\">\n\t\t\t\t\t\tLas enfermedades respiratorias infecciosas pueden causar enfermedades graves y, a veces, potencialmente mortales. Mantenerse al d\u00eda con las vacunas recomendadas es la mejor manera de ayudar a evitar enfermedades graves, hospitalizaciones y muertes.\t\t\t\t\t<\/div>\n\t\t\t\t\t\t\t<\/div>\n\t\t<\/div>\n\t<\/div>\n<\/div>\n\n\n<div  class=\"text-block text-block--grey\">\n\t<div class=\"text-block__container container\">\n\t\t<div class=\"text-block__column\">\n\t\t\t\t\t\t\t<div class=\"text-block__title\">\n\t\t\t\t\t<h2>Las vacunas ayudan a protegernos de enfermedades graves.<\/h2>\n\t\t\t\t<\/div>\n\t\t\t\t\t<\/div>\n\t\t<div class=\"text-block__column\">\n\t\t\t\t\t\t\t<div class=\"text-block__subtitle lede-text\">\n\t\t\t\t\tLas vacunas ofrecen nuestra mejor protecci\u00f3n contra enfermedades respiratorias graves.\t\t\t\t<\/div>\n\t\t\t\n\t\t\t\t\t\t\t<div class=\"text-block__description\">\n\t\t\t\t\t<div><p><span class=\"NormalTextRun SCXW100684971 BCX0\">Las vacunas ayudan a proteger contra m\u00e1s de 20\u202fenfermedades potencialmente mortales, incluidas las enfermedades respiratorias infecciosas. Durante d\u00e9cadas, las vacunas han salvado millones de vidas y han reducido en gran medida la propagaci\u00f3n de enfermedades mortales en todo el mundo. Mantener<\/span><span class=\"NormalTextRun SCXW100684971 BCX0\">s<\/span><span class=\"NormalTextRun SCXW100684971 BCX0\">e al d\u00eda con las vacunas recomendadas es la mejor manera de protegerte a <\/span><span class=\"NormalTextRun SCXW100684971 BCX0\">ti<\/span><span class=\"NormalTextRun SCXW100684971 BCX0\"> mismo, a tus seres queridos y a tu comunidad de enfermedades respiratorias infecciosas.<\/span><\/p>\n<\/div>\n\t\t\t\t<\/div>\n\t\t\t\n\t\t\t\t\t\t\t<div class=\"text-block__button\">\n\t\t\t\t\t<a href=\"https:\/\/cveep.org\/es\/vaccines\/guidelines-recommendations\/\" class=\"button\">Obt\u00e9n m\u00e1s informaci\u00f3n sobre las recomendaciones m\u00e1s recientes sobre vacunas<\/a>\n\t\t\t\t<\/div>\n\t\t\t\t\t<\/div>\n\t<\/div>\n<\/div>\n\n\n<div \tclass=\"text-and-media-block image--right \">\n\t<div class=\"text-and-media-block__container container\">\n\t\t<div class=\"text-and-media-block__col\">\n\t\t\t\n\t\t\t\t\t\t\t<h2 class=\"text-and-media-block__title\">Detr\u00e1s de la ciencia<\/h2>\n\t\t\t\n\t\t\t\t\t\t\t<div\n\t\t\t\t\tclass=\"text-and-media-block__subtitle lede-text\">Obt\u00e9n m\u00e1s informaci\u00f3n sobre c\u00f3mo funcionan las vacunas para protegernos contra las enfermedades respiratorias causadas por los virus y las bacterias.<\/div>\n\t\t\t\n\t\t\t\t\t\t\t<div class=\"text-and-media-block__description\"><p><span class=\"NormalTextRun SCXW208036550 BCX0\">Las vacunas ayudan al cuerpo <\/span><span class=\"NormalTextRun SCXW208036550 BCX0\">a <\/span><span class=\"NormalTextRun SCXW208036550 BCX0\">aprend<\/span><span class=\"NormalTextRun SCXW208036550 BCX0\">er<\/span><span class=\"NormalTextRun SCXW208036550 BCX0\"> a detectar<\/span><span class=\"NormalTextRun SCXW208036550 BCX0\"> y protegerse<\/span> <span class=\"NormalTextRun SCXW208036550 BCX0\">contra las<\/span><span class=\"NormalTextRun SCXW208036550 BCX0\"> infecciones<\/span><span class=\"NormalTextRun SCXW208036550 BCX0\">. Distintas <\/span><span class=\"NormalTextRun SCXW208036550 BCX0\">v<\/span><span class=\"NormalTextRun SCXW208036550 BCX0\">acunas <\/span><span class=\"NormalTextRun SCXW208036550 BCX0\">funcionan de diferentes maneras, pero cada vacuna ayuda a nuestros sistemas inmunitarios a aprender c\u00f3mo combatir g\u00e9rmenes, como virus y bacterias.<\/span><\/p>\n<\/div>\n\t\t\t\n\t\t\t\t\t\t\t<div class=\"text-and-media-block__button\">\n\t\t\t\t\t<a href=\"https:\/\/cveep.org\/es\/vaccines\/behind-the-science\/\"\n\t\t\t\t\t   class=\"button\" target=\"_self\">Inf\u00f3rmate M\u00e1s<\/a>\n\t\t\t\t<\/div>\n\t\t\t\n\t\t<\/div>\n\n\t\t<div class=\"text-and-media-block__col\">\n\t\t\t\t\t\t\t<div class=\"text-and-media-block__image\">\n\t\t\t\t\t<img decoding=\"async\" data-src=\"https:\/\/cveep.org\/wp-content\/uploads\/2024\/08\/iStock-1564542843-768x512.jpg\" alt=\"\" src=\"data:image\/svg+xml;base64,PHN2ZyB3aWR0aD0iMSIgaGVpZ2h0PSIxIiB4bWxucz0iaHR0cDovL3d3dy53My5vcmcvMjAwMC9zdmciPjwvc3ZnPg==\" class=\"lazyload\" style=\"--smush-placeholder-width: 768px; --smush-placeholder-aspect-ratio: 768\/512;\">\n\t\t\t\t<\/div>\n\t\t\t\t\t<\/div>\n\n\t<\/div>\n<\/div>\n\n\n<div  class=\"cta-block lazyload\" style=\"background-image:inherit\" data-bg-image=\"linear-gradient(47deg, rgba(8, 12, 53, 0.96) 5.03%, rgba(24, 34, 155, 0.40) 74.87%), url(https:\/\/cveep.org\/wp-content\/uploads\/2025\/10\/Screenshot-2025-10-07-at-2.52.29-PM.png)\">\n\t<div class=\"cta-block__container container\">\n\t\t<div class=\"cta-block__col\">\n\t\t\t\t\t\t\t<h2 class=\"cta-block__title\">La vida no se detiene cuando te enfermas.<\/h2>\n\t\t\t\n\t\t\t\t\t\t\t<div class=\"cta-block__description lede-text\">Vacunarse puede marcar la diferencia entre una infecci\u00f3n leve o enfrentar una enfermedad grave. Toma las medidas necesarias para protegerte a ti y a tus seres queridos. <\/div>\n\t\t\t\t\t<\/div>\n\t\t\t\t\t<div class=\"cta-block__button\">\n\t\t\t\t<a href=\"https:\/\/cveep.org\/es\/campaign\/vacunas-protegen\/\" class=\"button\">Inf\u00f3rmate M\u00e1s<\/a>\n\t\t\t<\/div>\n\t\t\n\t<\/div>\n<\/div>\n\n\n<div \tclass=\"text-and-media-block image--left text-and-media-block--grey\">\n\t<div class=\"text-and-media-block__container container\">\n\t\t<div class=\"text-and-media-block__col\">\n\t\t\t\n\t\t\t\t\t\t\t<h2 class=\"text-and-media-block__title\">Seguridad y efectividad<\/h2>\n\t\t\t\n\t\t\t\t\t\t\t<div\n\t\t\t\t\tclass=\"text-and-media-block__subtitle lede-text\">Obt\u00e9n m\u00e1s informaci\u00f3n sobre el riguroso proceso de revisi\u00f3n, aprobaci\u00f3n y recomendaci\u00f3n de las vacunas.<\/div>\n\t\t\t\n\t\t\t\t\t\t\t<div class=\"text-and-media-block__description\"><p><span class=\"NormalTextRun SCXW133505420 BCX0\">Durante d\u00e9cadas, el desarrollo de las vacunas en los EE.\u202fUU. ha seguido un proceso de revisi\u00f3n de la norma de oro, que incluye investigaciones rigurosas, ensayos cl\u00ednicos en varias etapas, <\/span><span class=\"NormalTextRun SCXW133505420 BCX0\">ex\u00e1menes<\/span> <span class=\"NormalTextRun SCXW133505420 BCX0\">y aprobaciones <\/span><span class=\"NormalTextRun SCXW133505420 BCX0\">reglamentarias s\u00f3lidas<\/span><span class=\"NormalTextRun SCXW133505420 BCX0\"> y el monitoreo continuo de la seguridad una vez que una vacuna ha sido aprobada y recomendada.<\/span><\/p>\n<\/div>\n\t\t\t\n\t\t\t\t\t\t\t<div class=\"text-and-media-block__button\">\n\t\t\t\t\t<a href=\"https:\/\/cveep.org\/es\/vaccines\/safety-effectiveness\/\"\n\t\t\t\t\t   class=\"button\" target=\"_self\">Inf\u00f3rmate M\u00e1s<\/a>\n\t\t\t\t<\/div>\n\t\t\t\n\t\t<\/div>\n\n\t\t<div class=\"text-and-media-block__col\">\n\t\t\t\t\t\t\t<div class=\"text-and-media-block__image\">\n\t\t\t\t\t<img decoding=\"async\" data-src=\"https:\/\/cveep.org\/wp-content\/uploads\/2024\/08\/shutterstock_2314255347-1-768x512.jpg\" alt=\"\" src=\"data:image\/svg+xml;base64,PHN2ZyB3aWR0aD0iMSIgaGVpZ2h0PSIxIiB4bWxucz0iaHR0cDovL3d3dy53My5vcmcvMjAwMC9zdmciPjwvc3ZnPg==\" class=\"lazyload\" style=\"--smush-placeholder-width: 768px; --smush-placeholder-aspect-ratio: 768\/512;\">\n\t\t\t\t<\/div>\n\t\t\t\t\t<\/div>\n\n\t<\/div>\n<\/div>\n\n\n<div \tclass=\"text-and-media-block image--right \">\n\t<div class=\"text-and-media-block__container container\">\n\t\t<div class=\"text-and-media-block__col\">\n\t\t\t\n\t\t\t\t\t\t\t<h2 class=\"text-and-media-block__title\">Costo y cobertura<\/h2>\n\t\t\t\n\t\t\t\t\t\t\t<div\n\t\t\t\t\tclass=\"text-and-media-block__subtitle lede-text\">Obt\u00e9n m\u00e1s informaci\u00f3n sobre c\u00f3mo puedes acceder a vacunas contra enfermedades respiratorias infecciosas.<\/div>\n\t\t\t\n\t\t\t\t\t\t\t<div class=\"text-and-media-block__description\"><p><span class=\"TextRun SCXW252278986 BCX0\" lang=\"ES-ES\" xml:lang=\"ES-ES\" data-contrast=\"auto\"><span class=\"NormalTextRun SCXW252278986 BCX0\">Las enfermedades respiratorias infecciosas son una amenaza para la salud p\u00fablica. Las vacunas est\u00e1n cubiertas sin costo o a un costo bajo para la mayor\u00eda de las personas.<\/span><\/span><\/p>\n<\/div>\n\t\t\t\n\t\t\t\t\t\t\t<div class=\"text-and-media-block__button\">\n\t\t\t\t\t<a href=\"https:\/\/cveep.org\/es\/vaccines\/cost-coverage\/\"\n\t\t\t\t\t   class=\"button\" target=\"_self\">Inf\u00f3rmate M\u00e1s<\/a>\n\t\t\t\t<\/div>\n\t\t\t\n\t\t<\/div>\n\n\t\t<div class=\"text-and-media-block__col\">\n\t\t\t\t\t\t\t<div class=\"text-and-media-block__image\">\n\t\t\t\t\t<img decoding=\"async\" data-src=\"https:\/\/cveep.org\/wp-content\/uploads\/2024\/08\/iStock-1440458505-768x512.jpg\" alt=\"\" src=\"data:image\/svg+xml;base64,PHN2ZyB3aWR0aD0iMSIgaGVpZ2h0PSIxIiB4bWxucz0iaHR0cDovL3d3dy53My5vcmcvMjAwMC9zdmciPjwvc3ZnPg==\" class=\"lazyload\" style=\"--smush-placeholder-width: 768px; --smush-placeholder-aspect-ratio: 768\/512;\">\n\t\t\t\t<\/div>\n\t\t\t\t\t<\/div>\n\n\t<\/div>\n<\/div>\n\n\n<div  class=\"cta-block lazyload\" style=\"background-image:inherit\" data-bg-image=\"linear-gradient(47deg, rgba(8, 12, 53, 0.96) 5.03%, rgba(24, 34, 155, 0.40) 74.87%), url(https:\/\/cveep.org\/wp-content\/uploads\/2024\/08\/shutterstock_2462418427-2048x1080.jpg)\">\n\t<div class=\"cta-block__container container\">\n\t\t<div class=\"cta-block__col\">\n\t\t\t\t\t\t\t<h2 class=\"cta-block__title\">Lo que hay que saber sobre las vacunas contra el VRS para adultos mayores<\/h2>\n\t\t\t\n\t\t\t\t\t\t\t<div class=\"cta-block__description lede-text\">Mantente protegido contra enfermedades graves al vacunarte contra el virus respiratorio sincicial (VRS).<\/div>\n\t\t\t\t\t<\/div>\n\t\t\t\t\t<div class=\"cta-block__button\">\n\t\t\t\t<a href=\"https:\/\/cveep.org\/es\/campaign\/what-older-adults-need-to-know-about-rsv\/\" class=\"button\">Inf\u00f3rmate M\u00e1s<\/a>\n\t\t\t<\/div>\n\t\t\n\t<\/div>\n<\/div>\n\n\n<div class=\"latest-resources-block__underlay\">\n\t<div class=\"latest-resources-block\">\n\t\t<div class=\"latest-resources-block__container container\">\n\t\t\t\t\t\t\t<h3 class=\"latest-resources-block__title\">Recursos m\u00e1s recientes<\/h3>\n\t\t\t\t\t\t\t\t\t\t<div class=\"latest-resources-block__resources\">\n\t\t\t\t\t\n<div class=\"archive-resources__item\">\n\t<a href=\"https:\/\/cveep.org\/es\/news\/what-to-know-about-respiratory-vaccines-if-you-have-chronic-kidney-disease\/\" class=\"archive-resources__item-absolute-link\"><\/a>\n\t\t\t<img decoding=\"async\" data-src=\"https:\/\/cveep.org\/wp-content\/uploads\/2026\/03\/Kidney-Toolkit-Spanish-768x432.png\" alt=\"Lo que debes saber sobre las vacunas respiratorias si padecer enfermedad renal cr\u00f3nica\" src=\"data:image\/svg+xml;base64,PHN2ZyB3aWR0aD0iMSIgaGVpZ2h0PSIxIiB4bWxucz0iaHR0cDovL3d3dy53My5vcmcvMjAwMC9zdmciPjwvc3ZnPg==\" class=\"lazyload\" style=\"--smush-placeholder-width: 768px; --smush-placeholder-aspect-ratio: 768\/432;\">\n\t\n\t<div class=\"archive-resources__item-categories\"><strong>Vacunas<\/strong><span class=\"divider\"> | <\/span>Inmunocomprometido<\/div>\n\n\t<h5 class=\"archive-resources__item-title\">Lo que debes saber sobre las vacunas respiratorias si padecer enfermedad renal cr\u00f3nica<\/h5>\n\t<!--<div class=\"archive-resources__item-description\"><\/div>-->\n\t<span class=\"archive-resources__item-link\">Inf\u00f3rmate M\u00e1s<\/span>\n<\/div>\n\n\n<div class=\"archive-resources__item\">\n\t<a href=\"https:\/\/cveep.org\/es\/news\/what-to-know-about-respiratory-vaccines-if-you-have-asthma-or-other-lung-conditions\/\" class=\"archive-resources__item-absolute-link\"><\/a>\n\t\t\t<img decoding=\"async\" data-src=\"https:\/\/cveep.org\/wp-content\/uploads\/2026\/02\/Asthma-Toolkit-Spanish-768x432.jpg\" alt=\"Lo que debes saber sobre las vacunas respiratorias si tienes asma o enfermedad pulmonar cr\u00f3nica\" src=\"data:image\/svg+xml;base64,PHN2ZyB3aWR0aD0iMSIgaGVpZ2h0PSIxIiB4bWxucz0iaHR0cDovL3d3dy53My5vcmcvMjAwMC9zdmciPjwvc3ZnPg==\" class=\"lazyload\" style=\"--smush-placeholder-width: 768px; --smush-placeholder-aspect-ratio: 768\/432;\">\n\t\n\t<div class=\"archive-resources__item-categories\"><strong>Vacunas<\/strong><span class=\"divider\"> | <\/span>Inmunocomprometido<\/div>\n\n\t<h5 class=\"archive-resources__item-title\">Lo que debes saber sobre las vacunas respiratorias si tienes asma o enfermedad pulmonar cr\u00f3nica<\/h5>\n\t<!--<div class=\"archive-resources__item-description\"><\/div>-->\n\t<span class=\"archive-resources__item-link\">Inf\u00f3rmate M\u00e1s<\/span>\n<\/div>\n\n\n<div class=\"archive-resources__item\">\n\t<a href=\"https:\/\/cveep.org\/es\/news\/respiratory-vaccines-for-people-with-chronic-health-issues-heart-disease\/\" class=\"archive-resources__item-absolute-link\"><\/a>\n\t\t\t<img decoding=\"async\" data-src=\"https:\/\/cveep.org\/wp-content\/uploads\/2026\/02\/Heart-Toolkit-Spanish-768x432.jpg\" alt=\"Lo que debes saber sobre las vacunas respiratorias si tienes enfermedad card\u00edaca\" src=\"data:image\/svg+xml;base64,PHN2ZyB3aWR0aD0iMSIgaGVpZ2h0PSIxIiB4bWxucz0iaHR0cDovL3d3dy53My5vcmcvMjAwMC9zdmciPjwvc3ZnPg==\" class=\"lazyload\" style=\"--smush-placeholder-width: 768px; --smush-placeholder-aspect-ratio: 768\/432;\">\n\t\n\t<div class=\"archive-resources__item-categories\"><strong>Vacunas<\/strong><span class=\"divider\"> | <\/span>Inmunocomprometido<\/div>\n\n\t<h5 class=\"archive-resources__item-title\">Lo que debes saber sobre las vacunas respiratorias si tienes enfermedad card\u00edaca<\/h5>\n\t<!--<div class=\"archive-resources__item-description\"><\/div>-->\n\t<span class=\"archive-resources__item-link\">Inf\u00f3rmate M\u00e1s<\/span>\n<\/div>\n\n\t\t\t\t<\/div>\n\t\t\t\n\t\t\t\t\t\t\t<div class=\"latest-resources-block__button\">\n\t\t\t\t\t<a href=\"https:\/\/cveep.org\/es\/resources\/\"\n\t\t\t\t\t\t class=\"button\">Ver m\u00e1s recursos<\/a>\n\t\t\t\t<\/div>\n\t\t\t\t\t<\/div>\n\t<\/div>\n<\/div>\n","protected":false},"excerpt":{"rendered":"","protected":false},"author":11,"featured_media":1162,"parent":0,"menu_order":0,"comment_status":"closed","ping_status":"closed","template":"","meta":{"_acf_changed":true,"inline_featured_image":false,"footnotes":""},"class_list":["post-5080","page","type-page","status-publish","has-post-thumbnail","hentry"],"acf":[],"yoast_head":"<!-- This site is optimized with the Yoast SEO plugin v27.2 - https:\/\/yoast.com\/product\/yoast-seo-wordpress\/ -->\n<title>Vacunas - CVEEP<\/title>\n<meta name=\"description\" content=\"Descubre c\u00f3mo las vacunas ayudan a prevenir enfermedades graves, hospitalizaciones y muertes por enfermedades respiratorias infecciosas.\" \/>\n<meta name=\"robots\" content=\"index, follow, max-snippet:-1, max-image-preview:large, max-video-preview:-1\" \/>\n<link rel=\"canonical\" href=\"https:\/\/cveep.org\/es\/vaccines\/\" \/>\n<meta property=\"og:locale\" content=\"es_ES\" \/>\n<meta property=\"og:type\" content=\"article\" \/>\n<meta property=\"og:title\" content=\"Vacunas - CVEEP\" \/>\n<meta property=\"og:description\" content=\"Descubre c\u00f3mo las vacunas ayudan a prevenir enfermedades graves, hospitalizaciones y muertes por enfermedades respiratorias infecciosas.\" \/>\n<meta property=\"og:url\" content=\"https:\/\/cveep.org\/es\/vaccines\/\" \/>\n<meta property=\"og:site_name\" content=\"CVEEP\" \/>\n<meta property=\"article:modified_time\" content=\"2025-10-10T21:50:19+00:00\" \/>\n<meta property=\"og:image\" content=\"https:\/\/cveep.org\/wp-content\/uploads\/2024\/08\/iStock-1511465856-1-1024x683.jpg\" \/>\n\t<meta property=\"og:image:width\" content=\"1024\" \/>\n\t<meta property=\"og:image:height\" content=\"683\" \/>\n\t<meta property=\"og:image:type\" content=\"image\/jpeg\" \/>\n<meta name=\"twitter:card\" content=\"summary_large_image\" \/>\n<meta name=\"twitter:label1\" content=\"Est. reading time\" \/>\n\t<meta name=\"twitter:data1\" content=\"1 minuto\" \/>\n<script type=\"application\/ld+json\" class=\"yoast-schema-graph\">{\"@context\":\"https:\/\/schema.org\",\"@graph\":[{\"@type\":\"WebPage\",\"@id\":\"https:\/\/cveep.org\/es\/vaccines\/\",\"url\":\"https:\/\/cveep.org\/es\/vaccines\/\",\"name\":\"Vacunas - CVEEP\",\"isPartOf\":{\"@id\":\"https:\/\/cveep.org\/#website\"},\"primaryImageOfPage\":{\"@id\":\"https:\/\/cveep.org\/es\/vaccines\/#primaryimage\"},\"image\":{\"@id\":\"https:\/\/cveep.org\/es\/vaccines\/#primaryimage\"},\"thumbnailUrl\":\"https:\/\/cveep.org\/wp-content\/uploads\/2024\/08\/iStock-1511465856-1.jpg\",\"datePublished\":\"2024-08-07T07:54:54+00:00\",\"dateModified\":\"2025-10-10T21:50:19+00:00\",\"description\":\"Descubre c\u00f3mo las vacunas ayudan a prevenir enfermedades graves, hospitalizaciones y muertes por enfermedades respiratorias infecciosas.\",\"inLanguage\":\"es\",\"potentialAction\":[{\"@type\":\"ReadAction\",\"target\":[\"https:\/\/cveep.org\/es\/vaccines\/\"]}]},{\"@type\":\"ImageObject\",\"inLanguage\":\"es\",\"@id\":\"https:\/\/cveep.org\/es\/vaccines\/#primaryimage\",\"url\":\"https:\/\/cveep.org\/wp-content\/uploads\/2024\/08\/iStock-1511465856-1.jpg\",\"contentUrl\":\"https:\/\/cveep.org\/wp-content\/uploads\/2024\/08\/iStock-1511465856-1.jpg\",\"width\":8192,\"height\":5464,\"caption\":\"Healthcare, woman and doctor with plaster, vaccination and consultation in a hospital, cure and disease. Female patient, client and medical professional with band aid, care and injection for safety\"},{\"@type\":\"WebSite\",\"@id\":\"https:\/\/cveep.org\/#website\",\"url\":\"https:\/\/cveep.org\/\",\"name\":\"CVEEP\",\"description\":\"\",\"potentialAction\":[{\"@type\":\"SearchAction\",\"target\":{\"@type\":\"EntryPoint\",\"urlTemplate\":\"https:\/\/cveep.org\/?s={search_term_string}\"},\"query-input\":{\"@type\":\"PropertyValueSpecification\",\"valueRequired\":true,\"valueName\":\"search_term_string\"}}],\"inLanguage\":\"es\"}]}<\/script>\n<!-- \/ Yoast SEO plugin. -->","yoast_head_json":{"title":"Vacunas - CVEEP","description":"Descubre c\u00f3mo las vacunas ayudan a prevenir enfermedades graves, hospitalizaciones y muertes por enfermedades respiratorias infecciosas.","robots":{"index":"index","follow":"follow","max-snippet":"max-snippet:-1","max-image-preview":"max-image-preview:large","max-video-preview":"max-video-preview:-1"},"canonical":"https:\/\/cveep.org\/es\/vaccines\/","og_locale":"es_ES","og_type":"article","og_title":"Vacunas - CVEEP","og_description":"Descubre c\u00f3mo las vacunas ayudan a prevenir enfermedades graves, hospitalizaciones y muertes por enfermedades respiratorias infecciosas.","og_url":"https:\/\/cveep.org\/es\/vaccines\/","og_site_name":"CVEEP","article_modified_time":"2025-10-10T21:50:19+00:00","og_image":[{"width":1024,"height":683,"url":"https:\/\/cveep.org\/wp-content\/uploads\/2024\/08\/iStock-1511465856-1-1024x683.jpg","type":"image\/jpeg"}],"twitter_card":"summary_large_image","twitter_misc":{"Est. reading time":"1 minuto"},"schema":{"@context":"https:\/\/schema.org","@graph":[{"@type":"WebPage","@id":"https:\/\/cveep.org\/es\/vaccines\/","url":"https:\/\/cveep.org\/es\/vaccines\/","name":"Vacunas - CVEEP","isPartOf":{"@id":"https:\/\/cveep.org\/#website"},"primaryImageOfPage":{"@id":"https:\/\/cveep.org\/es\/vaccines\/#primaryimage"},"image":{"@id":"https:\/\/cveep.org\/es\/vaccines\/#primaryimage"},"thumbnailUrl":"https:\/\/cveep.org\/wp-content\/uploads\/2024\/08\/iStock-1511465856-1.jpg","datePublished":"2024-08-07T07:54:54+00:00","dateModified":"2025-10-10T21:50:19+00:00","description":"Descubre c\u00f3mo las vacunas ayudan a prevenir enfermedades graves, hospitalizaciones y muertes por enfermedades respiratorias infecciosas.","inLanguage":"es","potentialAction":[{"@type":"ReadAction","target":["https:\/\/cveep.org\/es\/vaccines\/"]}]},{"@type":"ImageObject","inLanguage":"es","@id":"https:\/\/cveep.org\/es\/vaccines\/#primaryimage","url":"https:\/\/cveep.org\/wp-content\/uploads\/2024\/08\/iStock-1511465856-1.jpg","contentUrl":"https:\/\/cveep.org\/wp-content\/uploads\/2024\/08\/iStock-1511465856-1.jpg","width":8192,"height":5464,"caption":"Healthcare, woman and doctor with plaster, vaccination and consultation in a hospital, cure and disease. Female patient, client and medical professional with band aid, care and injection for safety"},{"@type":"WebSite","@id":"https:\/\/cveep.org\/#website","url":"https:\/\/cveep.org\/","name":"CVEEP","description":"","potentialAction":[{"@type":"SearchAction","target":{"@type":"EntryPoint","urlTemplate":"https:\/\/cveep.org\/?s={search_term_string}"},"query-input":{"@type":"PropertyValueSpecification","valueRequired":true,"valueName":"search_term_string"}}],"inLanguage":"es"}]}},"_links":{"self":[{"href":"https:\/\/cveep.org\/es\/wp-json\/wp\/v2\/pages\/5080","targetHints":{"allow":["GET"]}}],"collection":[{"href":"https:\/\/cveep.org\/es\/wp-json\/wp\/v2\/pages"}],"about":[{"href":"https:\/\/cveep.org\/es\/wp-json\/wp\/v2\/types\/page"}],"author":[{"embeddable":true,"href":"https:\/\/cveep.org\/es\/wp-json\/wp\/v2\/users\/11"}],"replies":[{"embeddable":true,"href":"https:\/\/cveep.org\/es\/wp-json\/wp\/v2\/comments?post=5080"}],"version-history":[{"count":0,"href":"https:\/\/cveep.org\/es\/wp-json\/wp\/v2\/pages\/5080\/revisions"}],"wp:featuredmedia":[{"embeddable":true,"href":"https:\/\/cveep.org\/es\/wp-json\/wp\/v2\/media\/1162"}],"wp:attachment":[{"href":"https:\/\/cveep.org\/es\/wp-json\/wp\/v2\/media?parent=5080"}],"curies":[{"name":"wp","href":"https:\/\/api.w.org\/{rel}","templated":true}]}}